{"id":59,"date":"2024-06-28T01:32:59","date_gmt":"2024-06-27T17:32:59","guid":{"rendered":"https:\/\/popwrist.com\/?page_id=59"},"modified":"2025-09-30T06:42:28","modified_gmt":"2025-09-29T22:42:28","slug":"terms-of-service","status":"publish","type":"page","link":"https:\/\/popwrist.com\/it\/terms-of-service\/","title":{"rendered":"Terms of Service"},"content":{"rendered":"<div data-elementor-type=\"wp-page\" data-elementor-id=\"59\" class=\"elementor elementor-59\" data-elementor-post-type=\"page\">\n\t\t\t\t<div class=\"elementor-element elementor-element-4c30143 e-flex e-con-boxed e-con e-parent\" data-id=\"4c30143\" data-element_type=\"container\">\n\t\t\t\t\t<div class=\"e-con-inner\">\n\t\t\t\t<div class=\"elementor-element elementor-element-cbcce7f elementor-widget elementor-widget-heading\" data-id=\"cbcce7f\" data-element_type=\"widget\" data-widget_type=\"heading.default\">\n\t\t\t\t<div class=\"elementor-widget-container\">\n\t\t\t\t\t<h1 class=\"elementor-heading-title elementor-size-default\">Terms of Service<\/h1>\t\t\t\t<\/div>\n\t\t\t\t<\/div>\n\t\t\t\t<div class=\"elementor-element elementor-element-fd6cad6 elementor-widget elementor-widget-text-editor\" data-id=\"fd6cad6\" data-element_type=\"widget\" data-widget_type=\"text-editor.default\">\n\t\t\t\t<div class=\"elementor-widget-container\">\n\t\t\t\t\t\t\t\t\t<p data-start=\"190\" data-end=\"218\"><strong data-start=\"190\" data-end=\"207\">Ultimo aggiornamento:<\/strong> 2025-08-30<\/p><p data-start=\"220\" data-end=\"562\">Benvenuti su POPwrist. I presenti Termini di servizio (\"<strong data-start=\"266\" data-end=\"275\">Termini<\/strong>\") regolano l'utilizzo del nostro sito web situato all'indirizzo <strong data-start=\"320\" data-end=\"336\">popwrist.com<\/strong> (il \"<strong data-start=\"343\" data-end=\"351\">Sito<\/strong>\") e qualsiasi servizio fornito da POPwrist (\"<strong data-start=\"394\" data-end=\"406\">POPwrist<\/strong>,\" \"<strong data-start=\"410\" data-end=\"416\">noi<\/strong>,\" \"<strong data-start=\"420\" data-end=\"426\">noi<\/strong>,\" o \"<strong data-start=\"433\" data-end=\"440\">nostro<\/strong>\"). Accedendo o utilizzando il Sito, l'utente accetta di essere vincolato dalle presenti Condizioni. Se non si accettano, si prega di non utilizzare il Sito.<\/p><p data-start=\"564\" data-end=\"664\">Le presenti Condizioni non pregiudicano i diritti inderogabili dei consumatori applicabili nel paese di residenza dell'utente.<\/p><hr data-start=\"666\" data-end=\"669\" \/><h2 data-start=\"671\" data-end=\"695\">1. Condizioni generali<\/h2><p data-start=\"696\" data-end=\"1098\">In conformit\u00e0 alle leggi vigenti, possiamo rifiutare o cancellare il servizio in qualsiasi momento (ad esempio, per la prevenzione di frodi, abusi o controllo dei rischi). L'utente \u00e8 consapevole del fatto che il contenuto non cartaceo da lui inviato pu\u00f2 essere trasferito in modo non criptato attraverso le reti e adattato ai requisiti tecnici delle reti o dei dispositivi di connessione. <strong data-start=\"999\" data-end=\"1056\">I dati della carta vengono elaborati da fornitori conformi agli standard PCI DSS.<\/strong> e non viene memorizzato integralmente sui nostri server.<\/p><h2 data-start=\"1100\" data-end=\"1159\">2. Accuratezza, completezza e tempestivit\u00e0 delle informazioni<\/h2><p data-start=\"1160\" data-end=\"1383\">Le informazioni contenute nel Sito sono fornite solo per scopi generali. Non siamo responsabili se le informazioni contenute nel Sito non sono accurate, complete o aggiornate. Qualsiasi affidamento \u00e8 a proprio rischio e pericolo; se necessario, consultare le fonti primarie.<\/p><h2 data-start=\"1385\" data-end=\"1424\">3. Prezzi, ordini e disponibilit\u00e0<\/h2><p data-start=\"1425\" data-end=\"2257\">3.1 Prezzi e modifiche. I prezzi possono essere modificati senza preavviso.<br data-start=\"1486\" data-end=\"1489\" \/>3.2 Offerta e accettazione. L'invio di un ordine costituisce un'offerta di acquisto. Il contratto si forma solo quando noi lo accettiamo (ad esempio, inviando una conferma d'ordine o un avviso di spedizione).<br data-start=\"1668\" data-end=\"1671\" \/>3.3 Tempi di pagamento. L'addebito sulla carta di credito\/PayPal avviene al momento del pagamento. Alcune banche possono mostrare un blocco temporaneo dell'autorizzazione che si cancella automaticamente.<br data-start=\"1821\" data-end=\"1824\" \/>3.4 Limiti e cancellazioni. Possiamo limitare o annullare gli ordini per persona, famiglia, conto, carta o indirizzo. Se modifichiamo o annulliamo un ordine, lo comunicheremo all'utente tramite l'e-mail e\/o il telefono forniti al momento del checkout.<br data-start=\"2038\" data-end=\"2041\" \/>3.5 Errori evidenti. Ci riserviamo il diritto di correggere errori evidenti (ad esempio, prezzi errati, descrizione o disponibilit\u00e0). Se un errore viene corretto dopo il pagamento, annulleremo e rimborseremo prontamente l'utente per intero.<\/p><h2 data-start=\"2259\" data-end=\"2284\">4. Prodotti e colori<\/h2><p data-start=\"2285\" data-end=\"2540\">Alcuni prodotti o servizi possono essere disponibili esclusivamente online e in quantit\u00e0 limitate. Cerchiamo di visualizzare i colori e le immagini in modo accurato, ma non possiamo garantire che il display del vostro dispositivo sia accurato. Le restituzioni sono regolate dal nostro <a href=\"https:\/\/popwrist.com\/it\/return-refund\/\"><strong data-start=\"2511\" data-end=\"2539\">Politica di restituzione e rimborso<\/strong><\/a>.<\/p><h2 data-start=\"2542\" data-end=\"2581\">5. Spedizione, tasse e rischio di perdita<\/h2><p data-start=\"2582\" data-end=\"3369\">5.1 <strong data-start=\"2586\" data-end=\"2600\">Stime.<\/strong> I tempi di consegna indicati sono stime e possono essere influenzati da dogane, operazioni di trasporto, condizioni atmosferiche o altri eventi al di fuori del nostro controllo.<br data-start=\"2732\" data-end=\"2735\" \/>5.2 <strong data-start=\"2739\" data-end=\"2747\">DDP.<\/strong> Per la maggior parte delle destinazioni spediamo su un <strong data-start=\"2783\" data-end=\"2812\">Consegnato sdoganato (DDP)<\/strong> base-<strong data-start=\"2819\" data-end=\"2889\">L'IVA\/dazi all'importazione e le spese di sdoganamento standard sono incluse.<\/strong> nel prezzo alla cassa. Le autorit\u00e0 locali possono richiedere <strong data-start=\"2946\" data-end=\"2967\">informazioni di base<\/strong> (ad esempio, il numero di identificazione o una breve conferma) per completare l'autorizzazione; non si tratta di un costo aggiuntivo.<br data-start=\"3058\" data-end=\"3061\" \/>5.3 <strong data-start=\"3065\" data-end=\"3084\">Rischio e titolo.<\/strong> Il rischio di perdita e il titolo di propriet\u00e0 passano a <strong data-start=\"3118\" data-end=\"3154\">consegna all'indirizzo di spedizione<\/strong> indicato sulla prova di consegna del vettore.<br data-start=\"3196\" data-end=\"3199\" \/>5.4 <strong data-start=\"3203\" data-end=\"3232\">Non recapitabili\/spedizionieri.<\/strong> Non siamo responsabili di perdite o danni dopo la consegna agli spedizionieri o a causa di indirizzi incompleti\/errati forniti dal cliente.<\/p><h2 data-start=\"3371\" data-end=\"3420\">6. Accuratezza delle informazioni sulla fatturazione e sul conto<\/h2><p data-start=\"3421\" data-end=\"3640\">L'utente accetta di fornire informazioni aggiornate, complete e precise sull'acquisto e sull'account e di aggiornarle tempestivamente (e-mail, dati di fatturazione, scadenza della carta, ecc.) in modo da poter completare le transazioni e contattare l'utente in caso di necessit\u00e0.<\/p><h2 data-start=\"3642\" data-end=\"3679\">7. Link e materiali di terze parti<\/h2><p data-start=\"3680\" data-end=\"3882\">Il Sito pu\u00f2 contenere link a siti web o materiali di terzi. Non siamo responsabili dell'esame o della valutazione di tali contenuti e non ci assumiamo alcuna responsabilit\u00e0 per materiali, prodotti o servizi di terzi.<\/p><h2 data-start=\"3884\" data-end=\"3929\">8. Commenti, recensioni e contributi degli utenti<\/h2><p data-start=\"399\" data-end=\"956\">Se inviate recensioni, commenti, foto o altro materiale (\"Materiale inviato\"), concedete a POPwrist una licenza non esclusiva, mondiale, esente da royalty, perpetua e trasferibile per l'utilizzo, la riproduzione, l'adattamento, la traduzione, la pubblicazione, la distribuzione, la visualizzazione pubblica e la creazione di opere derivate da tale materiale in qualsiasi mezzo di comunicazione per il marketing, l'assistenza clienti, il miglioramento del prodotto\/servizio e altri scopi commerciali leciti. L'utente ci consente inoltre di concedere in sublicenza tali diritti ai nostri fornitori di servizi (ad esempio, hosting, analisi, pubblicit\u00e0, invio di e-mail).<\/p><p data-start=\"958\" data-end=\"1285\">L'utente dichiara e garantisce di possedere o di controllare tutti i diritti relativi ai propri contributi, di non violare alcun diritto di terzi, di non contenere informazioni riservate e di non includere dati personali di altri senza il loro consenso. I contributi possono essere visibili pubblicamente; si prega di non includere informazioni sensibili.<\/p><p data-start=\"1287\" data-end=\"1706\">Possiamo moderare, modificare, rifiutare o rimuovere i Contributi a nostra discrezione (ad esempio, contenuti illegali, illegali, fuorvianti, osceni, spam o fuori tema) e non abbiamo alcun obbligo di utilizzare, ospitare o restituire alcun Contributo. Non forniamo alcun compenso per i Contributi. Possiamo mostrare il nome\/iniziali o il nome utente dell'utente con la sua recensione e possiamo contattarlo per verificare i dettagli dell'acquisto o per chiarire il feedback.<\/p><p data-start=\"1708\" data-end=\"1929\">Se l'Invio \u00e8 un'approvazione o avete ricevuto un corrispettivo (ad esempio, uno sconto, un campione gratuito), dovete indicarlo chiaramente come richiesto dalle leggi e dagli standard pubblicitari applicabili (ad esempio, le guide all'approvazione della FTC).<\/p><p data-start=\"1931\" data-end=\"2224\">L'utente pu\u00f2 richiedere l'eliminazione del proprio Materiale presentato pubblicamente; noi lo rimuoveremo dalla visualizzazione attiva, ove possibile, ma le copie cache\/di backup possono persistere per un periodo ragionevole. I dati personali vengono elaborati in conformit\u00e0 con il nostro <strong data-start=\"2165\" data-end=\"2223\"><a class=\"decorated-link\" href=\"https:\/\/popwrist.com\/it\/privacy-policy\/\" target=\"_new\" rel=\"noopener\" data-start=\"2167\" data-end=\"2221\">Privacy Policy<\/a><\/strong><\/p><h2 data-start=\"4460\" data-end=\"4498\">9. Informazioni personali e privacy<\/h2><p data-start=\"183\" data-end=\"452\">L'invio di informazioni personali attraverso il Sito \u00e8 regolato dalla nostra Informativa sulla privacy e dall'Informativa sui cookie. \u00c8 inoltre possibile gestire i cookie nelle impostazioni del browser. Per le richieste di privacy (accesso, cancellazione, correzione o opt-out per il marketing), contattare <a class=\"decorated-link cursor-pointer\" rel=\"noopener\" data-start=\"430\" data-end=\"451\">customer@popwrist.com<\/a>.<\/p><ul data-start=\"454\" data-end=\"563\"><li data-start=\"454\" data-end=\"510\"><p data-start=\"456\" data-end=\"510\">Informativa sulla privacy: <a class=\"decorated-link\" href=\"https:\/\/popwrist.com\/it\/privacy-policy\/\" target=\"_new\" rel=\"noopener\" data-start=\"472\" data-end=\"508\">https:\/\/popwrist.com\/privacy-policy\/<\/a><\/p><\/li><li data-start=\"511\" data-end=\"563\"><p data-start=\"513\" data-end=\"563\">Informativa sui cookie: <a class=\"decorated-link\" href=\"https:\/\/popwrist.com\/it\/cookie-policy\/\" target=\"_new\" rel=\"noopener\" data-start=\"528\" data-end=\"563\">https:\/\/popwrist.com\/cookie-policy\/<\/a><\/p><\/li><\/ul><h2 data-start=\"4764\" data-end=\"4806\">10. Errori, imprecisioni e omissioni<\/h2><p data-start=\"4807\" data-end=\"5178\">Le informazioni contenute nel Servizio possono contenere errori tipografici, imprecisioni o omissioni (comprese le descrizioni dei prodotti, i prezzi, le promozioni, le spese di spedizione, i tempi di transito e la disponibilit\u00e0). Possiamo correggere, modificare o aggiornare le informazioni o annullare gli ordini se le informazioni non sono accurate, in qualsiasi momento e senza preavviso, anche dopo che l'utente ha inviato l'ordine.<\/p><h2 data-start=\"5180\" data-end=\"5202\">11. Usi vietati<\/h2><p data-start=\"5203\" data-end=\"5641\">L'utente accetta di non utilizzare il Sito o il suo contenuto per scopi illegali; per violare i diritti di propriet\u00e0 intellettuale; per molestare, abusare, diffamare o discriminare; per presentare informazioni false o fuorvianti; per introdurre malware o interferire con le funzioni di sicurezza; per raccogliere informazioni personali altrui; per fare spam, phish, pharm, pretext, spider, crawl o scrape; o per qualsiasi scopo osceno o immorale. Possiamo interrompere l'accesso in caso di usi non consentiti.<\/p><h2 data-start=\"5643\" data-end=\"5704\">12. Restituzioni, rimborsi e garanzia (Riepilogo; vedi Politiche)<\/h2><p data-start=\"274\" data-end=\"567\">Le restituzioni sono regolate dalla nostra politica di restituzione e rimborso (30 giorni dalla consegna; restituzioni per cambio di idea: il cliente paga le spese di spedizione per la restituzione; il rimborso viene effettuato con il metodo di pagamento originale; \u00e8 necessario un RMA prima di rispedire qualsiasi articolo).<br data-start=\"506\" data-end=\"509\" \/>Restituzioni e rimborsi: <a class=\"decorated-link\" href=\"https:\/\/popwrist.com\/it\/return-refund\/\" target=\"_new\" rel=\"noopener\" data-start=\"532\" data-end=\"567\">https:\/\/popwrist.com\/return-refund\/<\/a><\/p><p data-start=\"569\" data-end=\"1099\">Garanzia (sintesi). Forniamo una garanzia limitata di 12 mesi contro i difetti di fabbricazione. DOA entro 7 giorni dalla consegna: sostituzione o rimborso dopo verifica. L'assistenza \u00e8 per corrispondenza ed \u00e8 necessario un RMA prima di spedire qualsiasi articolo a noi. Fino alla pubblicazione della nostra pagina dedicata alla garanzia e alle riparazioni, si applicano questi termini, insieme alle istruzioni fornite dal nostro team di assistenza e alla sezione Garanzia e riparazioni delle nostre FAQ. Per le richieste di garanzia, inviare un'e-mail a <strong data-start=\"1043\" data-end=\"1068\"><a class=\"decorated-link cursor-pointer\" rel=\"noopener\" data-start=\"1045\" data-end=\"1066\">customer@popwrist.com<\/a><\/strong> o contattateci su <a href=\"https:\/\/wa.me\/8613826001110\"><strong>WhatsApp<\/strong><\/a>.<\/p><p data-start=\"1101\" data-end=\"1218\"><em data-start=\"1101\" data-end=\"1218\">In caso di incongruenza tra questo riepilogo e la pagina della politica sui resi e i rimborsi, prevale la pagina della politica.<\/em><\/p><h2 data-start=\"6158\" data-end=\"6214\">13. Esclusione di garanzie; limitazione di responsabilit\u00e0<\/h2><p data-start=\"6215\" data-end=\"6636\">Non garantiamo che il Servizio sia ininterrotto, tempestivo, sicuro o privo di errori, n\u00e9 che i risultati siano accurati o affidabili. Salvo quanto espressamente indicato da noi o richiesto dalla legge, il Servizio e tutti i prodotti sono forniti <strong data-start=\"6447\" data-end=\"6458\">\"cos\u00ec com'\u00e8\"<\/strong> e <strong data-start=\"6463\" data-end=\"6481\">\"come disponibile\"<\/strong>senza garanzie di alcun tipo, espresse o implicite (incluse la commerciabilit\u00e0, l'idoneit\u00e0 per uno scopo particolare, la durata, il titolo o la non violazione).<\/p><p data-start=\"6638\" data-end=\"7022\">Nella misura massima consentita dalla legge, POPwrist e i suoi affiliati, direttori, funzionari, dipendenti, agenti, appaltatori, fornitori o licenziatari non saranno responsabili per danni indiretti, incidentali, speciali, consequenziali, esemplari o punitivi, o per perdita di profitti, entrate, risparmi, dati o costi di sostituzione, derivanti da o correlati all'uso del Servizio o dei prodotti.<\/p><p data-start=\"7024\" data-end=\"7292\"><strong data-start=\"7024\" data-end=\"7251\">Nessuna disposizione dei presenti Termini limita o esclude la responsabilit\u00e0 per morte o lesioni personali causate da negligenza, frode o dichiarazione fraudolenta, dolo o qualsiasi responsabilit\u00e0 che non pu\u00f2 essere limitata ai sensi della legge applicabile.<\/strong> I vostri diritti legali rimangono inalterati.<\/p><h2 data-start=\"7294\" data-end=\"7316\">14. Indennizzo<\/h2><p data-start=\"7317\" data-end=\"7719\">L'utente accetta di indennizzare, difendere e tenere indenne POPwrist e i suoi affiliati, partner, funzionari, direttori, agenti, appaltatori, licenziatari, fornitori di servizi, subappaltatori, fornitori e dipendenti da qualsiasi reclamo o richiesta (comprese le ragionevoli spese legali) avanzata da terzi a causa di o derivante dalla violazione di questi Termini da parte dell'utente o dalla violazione di qualsiasi legge o dei diritti di terzi.<\/p><h2 data-start=\"7721\" data-end=\"7741\">15. Forza maggiore<\/h2><p data-start=\"7742\" data-end=\"8021\">Non siamo responsabili di eventuali ritardi o mancate prestazioni dovuti a eventi al di fuori del nostro ragionevole controllo, tra cui disastri naturali, pandemie, guerre, terrorismo, azioni governative, vertenze sindacali, interruzioni di corrente o di Internet, interruzioni del trasporto o della logistica o ritardi doganali.<\/p><h2 data-start=\"8023\" data-end=\"8049\">16. Et\u00e0 e idoneit\u00e0<\/h2><p data-start=\"8050\" data-end=\"8218\">L'utente dichiara di essere almeno <strong data-start=\"8086\" data-end=\"8102\">18 anni<\/strong> (o la maggiore et\u00e0 nella propria giurisdizione) o avere il consenso dei genitori\/tutori per utilizzare il Sito ed effettuare acquisti.<\/p><h2 data-start=\"8220\" data-end=\"8239\">17. Separabilit\u00e0<\/h2><p data-start=\"8240\" data-end=\"8493\">Se una qualsiasi disposizione dei presenti Termini \u00e8 ritenuta illegale, nulla o inapplicabile, tale disposizione sar\u00e0 applicata nella misura massima consentita e la parte inapplicabile sar\u00e0 considerata separata senza pregiudicare la validit\u00e0 delle restanti disposizioni.<\/p><h2 data-start=\"8495\" data-end=\"8513\">18. Terminazione<\/h2><p data-start=\"8514\" data-end=\"8803\">I presenti Termini sono efficaci a meno che e fino a quando non vengano risolti dall'utente o da noi. L'utente pu\u00f2 recedere cessando di utilizzare il Sito e comunicandolo a noi. Se riteniamo che l'utente abbia violato i presenti Termini, possiamo interrompere l'accesso in qualsiasi momento senza preavviso. L'utente rimane responsabile per gli importi dovuti fino alla data di risoluzione.<\/p><h2 data-start=\"8805\" data-end=\"8839\">19. Intero accordo; nessuna rinuncia<\/h2><p data-start=\"8840\" data-end=\"9140\">I presenti Termini e qualsiasi politica pubblicata sul Sito costituiscono l'intero accordo tra l'utente e POPwrist in merito al Servizio e sostituiscono qualsiasi accordo o comunicazione precedente. Il mancato esercizio o applicazione di un diritto o di una disposizione da parte di POPwrist non costituisce una rinuncia a tale diritto o disposizione.<\/p><h2 data-start=\"9142\" data-end=\"9179\">20. Legge applicabile e giurisdizione<\/h2><p data-start=\"9180\" data-end=\"9510\">I presenti Termini e qualsiasi accordo separato in base al quale forniamo i Servizi all'utente sono disciplinati dalle leggi del Regno Unito. <strong data-start=\"9288\" data-end=\"9318\">Repubblica Popolare Cinese<\/strong>, <strong data-start=\"9320\" data-end=\"9408\">fatte salve le tutele obbligatorie per i consumatori nel vostro paese di residenza<\/strong>. A meno che la legge locale non preveda diversamente, i tribunali situati a <strong data-start=\"9469\" data-end=\"9486\">Shenzhen, RPC<\/strong> avr\u00e0 giurisdizione.<\/p><h2 data-start=\"9512\" data-end=\"9541\">21. Modifiche ai presenti Termini<\/h2><p data-start=\"9542\" data-end=\"9847\">\u00c8 possibile consultare la versione pi\u00f9 aggiornata dei Termini in qualsiasi momento su questa pagina. Possiamo aggiornare o sostituire qualsiasi parte dei presenti Termini pubblicando gli aggiornamenti sul Sito. \u00c8 responsabilit\u00e0 dell'utente controllare periodicamente. L'uso continuato del Sito dopo la pubblicazione delle modifiche costituisce accettazione di tali modifiche.<\/p><h2 data-start=\"9849\" data-end=\"9875\">22. Informazioni di contatto<\/h2><p data-start=\"9876\" data-end=\"9977\">Domande su questi termini? Inviare un'e-mail a <strong data-start=\"9911\" data-end=\"9936\"><a class=\"decorated-link cursor-pointer\" rel=\"noopener\" data-start=\"9913\" data-end=\"9934\">customer@popwrist.com<\/a><\/strong><\/p>\t\t\t\t\t\t\t\t<\/div>\n\t\t\t\t<\/div>\n\t\t\t\t\t<\/div>\n\t\t\t\t<\/div>\n\t\t\t\t<\/div>","protected":false},"excerpt":{"rendered":"<p>Terms of Service Last updated: 2025-08-30 Welcome to POPwrist. These Terms of Service (\u201cTerms\u201d) govern your use of our website [&hellip;]<\/p>","protected":false},"author":1,"featured_media":0,"parent":0,"menu_order":0,"comment_status":"closed","ping_status":"closed","template":"","meta":{"site-sidebar-layout":"no-sidebar","site-content-layout":"","ast-site-content-layout":"full-width-container","site-content-style":"default","site-sidebar-style":"default","ast-global-header-display":"","ast-banner-title-visibility":"","ast-main-header-display":"","ast-hfb-above-header-display":"","ast-hfb-below-header-display":"","ast-hfb-mobile-header-display":"","site-post-title":"disabled","ast-breadcrumbs-content":"","ast-featured-img":"disabled","footer-sml-layout":"","ast-disable-related-posts":"","theme-transparent-header-meta":"","adv-header-id-meta":"","stick-header-meta":"","header-above-stick-meta":"","header-main-stick-meta":"","header-below-stick-meta":"","astra-migrate-meta-layouts":"default","ast-page-background-enabled":"default","ast-page-background-meta":{"desktop":{"background-color":"var(--ast-global-color-5)","background-image":"","background-repeat":"repeat","background-position":"center center","background-size":"auto","background-attachment":"scroll","background-type":"","background-media":"","overlay-type":"","overlay-color":"","overlay-opacity":"","overlay-gradient":""},"tablet":{"background-color":"","background-image":"","background-repeat":"repeat","background-position":"center center","background-size":"auto","background-attachment":"scroll","background-type":"","background-media":"","overlay-type":"","overlay-color":"","overlay-opacity":"","overlay-gradient":""},"mobile":{"background-color":"","background-image":"","background-repeat":"repeat","background-position":"center center","background-size":"auto","background-attachment":"scroll","background-type":"","background-media":"","overlay-type":"","overlay-color":"","overlay-opacity":"","overlay-gradient":""}},"ast-content-background-meta":{"desktop":{"background-color":"var(--ast-global-color-4)","background-image":"","background-repeat":"repeat","background-position":"center center","background-size":"auto","background-attachment":"scroll","background-type":"","background-media":"","overlay-type":"","overlay-color":"","overlay-opacity":"","overlay-gradient":""},"tablet":{"background-color":"var(--ast-global-color-4)","background-image":"","background-repeat":"repeat","background-position":"center center","background-size":"auto","background-attachment":"scroll","background-type":"","background-media":"","overlay-type":"","overlay-color":"","overlay-opacity":"","overlay-gradient":""},"mobile":{"background-color":"var(--ast-global-color-4)","background-image":"","background-repeat":"repeat","background-position":"center center","background-size":"auto","background-attachment":"scroll","background-type":"","background-media":"","overlay-type":"","overlay-color":"","overlay-opacity":"","overlay-gradient":""}},"footnotes":""},"class_list":["post-59","page","type-page","status-publish","hentry"],"_links":{"self":[{"href":"https:\/\/popwrist.com\/it\/wp-json\/wp\/v2\/pages\/59","targetHints":{"allow":["GET"]}}],"collection":[{"href":"https:\/\/popwrist.com\/it\/wp-json\/wp\/v2\/pages"}],"about":[{"href":"https:\/\/popwrist.com\/it\/wp-json\/wp\/v2\/types\/page"}],"author":[{"embeddable":true,"href":"https:\/\/popwrist.com\/it\/wp-json\/wp\/v2\/users\/1"}],"replies":[{"embeddable":true,"href":"https:\/\/popwrist.com\/it\/wp-json\/wp\/v2\/comments?post=59"}],"version-history":[{"count":7,"href":"https:\/\/popwrist.com\/it\/wp-json\/wp\/v2\/pages\/59\/revisions"}],"predecessor-version":[{"id":20341,"href":"https:\/\/popwrist.com\/it\/wp-json\/wp\/v2\/pages\/59\/revisions\/20341"}],"wp:attachment":[{"href":"https:\/\/popwrist.com\/it\/wp-json\/wp\/v2\/media?parent=59"}],"curies":[{"name":"wp","href":"https:\/\/api.w.org\/{rel}","templated":true}]}}