{"id":55,"date":"2024-06-28T01:32:05","date_gmt":"2024-06-27T17:32:05","guid":{"rendered":"https:\/\/popwrist.com\/?page_id=55"},"modified":"2024-09-21T04:51:09","modified_gmt":"2024-09-20T20:51:09","slug":"shipping","status":"publish","type":"page","link":"https:\/\/popwrist.com\/it\/shipping\/","title":{"rendered":"SHIPPING"},"content":{"rendered":"<div data-elementor-type=\"wp-page\" data-elementor-id=\"55\" class=\"elementor elementor-55\" data-elementor-post-type=\"page\">\n\t\t\t\t<div class=\"elementor-element elementor-element-50e118c e-flex e-con-boxed e-con e-parent\" data-id=\"50e118c\" data-element_type=\"container\">\n\t\t\t\t\t<div class=\"e-con-inner\">\n\t\t\t\t<div class=\"elementor-element elementor-element-55324fd elementor-widget elementor-widget-heading\" data-id=\"55324fd\" data-element_type=\"widget\" data-widget_type=\"heading.default\">\n\t\t\t\t<div class=\"elementor-widget-container\">\n\t\t\t\t\t<h1 class=\"elementor-heading-title elementor-size-default\">POLITICA DI SPEDIZIONE<\/h1>\t\t\t\t<\/div>\n\t\t\t\t<\/div>\n\t\t\t\t<div class=\"elementor-element elementor-element-594ed6b elementor-widget elementor-widget-text-editor\" data-id=\"594ed6b\" data-element_type=\"widget\" data-widget_type=\"text-editor.default\">\n\t\t\t\t<div class=\"elementor-widget-container\">\n\t\t\t\t\t\t\t\t\t<h4 data-dl-uid=\"99\" data-dl-original=\"true\" data-dl-translated=\"false\">TEMPO DI ELABORAZIONE DELL'ORDINE<\/h4><p data-dl-uid=\"100\" data-dl-original=\"true\" data-dl-translated=\"false\">Tutti gli ordini effettuati sul nostro sito web vengono elaborati e spediti entro 72 ore (esclusi i fine settimana e le festivit\u00e0). Se l'ordine viene effettuato durante il fine settimana o nei giorni festivi, verr\u00e0 elaborato il giorno lavorativo successivo. Una volta elaborato l'ordine, riceverete una notifica con il numero di tracking per seguire la spedizione.<\/p><h4 data-dl-uid=\"101\" data-dl-original=\"true\" data-dl-translated=\"false\">SPEDIZIONE GRATUITA<\/h4><p data-dl-uid=\"102\" data-dl-original=\"true\" data-dl-translated=\"false\">Offriamo la spedizione gratuita per ordini superiori a $39. Per gli ordini inferiori a tale importo verr\u00e0 applicata una tariffa di spedizione standard.<\/p><h4 data-dl-uid=\"104\" data-dl-original=\"true\" data-dl-translated=\"false\">TEMPI DI CONSEGNA<\/h4><p data-dl-uid=\"105\" data-dl-original=\"true\" data-dl-translated=\"false\">I tempi di consegna stimati per le regioni selezionate sono i seguenti:<\/p><ul><li data-dl-uid=\"106\" data-dl-original=\"true\" data-dl-translated=\"false\"><strong data-dl-uid=\"107\" data-dl-original=\"true\" data-dl-translated=\"false\">Europa<\/strong>: Consegna stimata entro 9 giorni lavorativi.<\/li><li data-dl-uid=\"108\" data-dl-original=\"true\" data-dl-translated=\"false\"><strong data-dl-uid=\"109\" data-dl-original=\"true\" data-dl-translated=\"false\">Nord America<\/strong>: Consegna stimata entro 7 giorni lavorativi.<\/li><\/ul><p data-dl-uid=\"110\" data-dl-original=\"true\" data-dl-translated=\"false\">Si prega di notare che questi sono tempi di consegna stimati e possono variare a causa di fattori quali lo sdoganamento, le condizioni meteorologiche o altre circostanze imprevedibili. Tutte le date elencate si basano su ordini effettuati prima delle 12:00 per consentire la spedizione in giornata.<\/p><h4 data-dl-uid=\"111\" data-dl-original=\"true\" data-dl-translated=\"false\">IMPOSTE, IVA, TASSE DI IMPORTAZIONE<\/h4><p data-dl-uid=\"112\" data-dl-original=\"true\" data-dl-translated=\"false\">Le tariffe di spedizione riportate sul nostro sito web non includono tasse locali, IVA, dazi all'importazione o altri costi di sdoganamento della spedizione. Lavoriamo con vettori che in genere si occupano dello sdoganamento sia per l'importazione che per l'esportazione, il che significa che nella maggior parte dei casi non sar\u00e0 necessario pagare tasse o imposte aggiuntive al momento della ricezione dell'ordine. Tuttavia, non possiamo garantire che le autorit\u00e0 doganali del vostro paese non impongano tasse o dazi. Eventuali spese aggiuntive richieste dalla dogana sono a carico del cliente.<\/p><h4 data-dl-uid=\"114\" data-dl-original=\"true\" data-dl-translated=\"false\">ASSICURAZIONE<\/h4><p data-dl-uid=\"115\" data-dl-original=\"true\" data-dl-translated=\"false\">POPwrist fornisce una copertura assicurativa per ogni spedizione. Si prega di notare che potrebbe essere richiesto di firmare per il pacco al momento della consegna.<\/p><h4 data-dl-uid=\"116\" data-dl-original=\"true\" data-dl-translated=\"false\">SPEDIZIONI RIFIUTATE<\/h4><p data-dl-uid=\"117\" data-dl-original=\"true\" data-dl-translated=\"false\">I pacchi rifiutati o non ricevuti a causa di problemi quali indirizzi errati, rifiuto di pagare i dazi all'importazione o indirizzi non recapitabili saranno rimborsati una volta restituiti al nostro magazzino. I rimborsi saranno effettuati al netto delle spese di spedizione da e per il paese di destinazione, nonch\u00e9 di eventuali dazi e tasse applicabili.<\/p><h4 data-dl-uid=\"118\" data-dl-original=\"true\" data-dl-translated=\"false\">RESTRIZIONI ALLA CONSEGNA<\/h4><p data-dl-uid=\"119\" data-dl-original=\"true\" data-dl-translated=\"false\">Offriamo la spedizione gratuita per ordini superiori a $39. Tuttavia, non effettuiamo spedizioni a indirizzi APO\/FPO o PO BOX. Per elaborare l'ordine \u00e8 necessario un indirizzo fisico valido.<\/p><h4 data-dl-uid=\"120\" data-dl-original=\"true\" data-dl-translated=\"false\">PROBLEMI DI SPEDIZIONE E CONSEGNA<\/h4><p data-dl-uid=\"121\" data-dl-original=\"true\" data-dl-translated=\"false\">In caso di smarrimento o danneggiamento della spedizione, si prega di informare POPwrist entro 10 giorni lavorativi, in modo da poter avviare una ricerca con il vettore di spedizione. Una volta che il corriere avr\u00e0 completato l'indagine, provvederemo ad emettere una sostituzione o un rimborso a seconda della situazione. Se l'articolo non \u00e8 pi\u00f9 disponibile, verr\u00e0 effettuato un rimborso. Per gli articoli non corretti, si prega di contattarci entro 5 giorni dalla consegna per correggere il problema.<\/p>\t\t\t\t\t\t\t\t<\/div>\n\t\t\t\t<\/div>\n\t\t\t\t\t<\/div>\n\t\t\t\t<\/div>\n\t\t\t\t<\/div>","protected":false},"excerpt":{"rendered":"<p>SHIPPING POLICY ORDER PROCESSING TIME All orders placed on our website are processed and shipped within 72 hours (excluding weekends [&hellip;]<\/p>","protected":false},"author":1,"featured_media":0,"parent":0,"menu_order":0,"comment_status":"closed","ping_status":"closed","template":"","meta":{"site-sidebar-layout":"no-sidebar","site-content-layout":"","ast-site-content-layout":"full-width-container","site-content-style":"default","site-sidebar-style":"default","ast-global-header-display":"","ast-banner-title-visibility":"","ast-main-header-display":"","ast-hfb-above-header-display":"","ast-hfb-below-header-display":"","ast-hfb-mobile-header-display":"","site-post-title":"disabled","ast-breadcrumbs-content":"","ast-featured-img":"disabled","footer-sml-layout":"","ast-disable-related-posts":"","theme-transparent-header-meta":"","adv-header-id-meta":"","stick-header-meta":"","header-above-stick-meta":"","header-main-stick-meta":"","header-below-stick-meta":"","astra-migrate-meta-layouts":"default","ast-page-background-enabled":"default","ast-page-background-meta":{"desktop":{"background-color":"var(--ast-global-color-5)","background-image":"","background-repeat":"repeat","background-position":"center center","background-size":"auto","background-attachment":"scroll","background-type":"","background-media":"","overlay-type":"","overlay-color":"","overlay-opacity":"","overlay-gradient":""},"tablet":{"background-color":"","background-image":"","background-repeat":"repeat","background-position":"center center","background-size":"auto","background-attachment":"scroll","background-type":"","background-media":"","overlay-type":"","overlay-color":"","overlay-opacity":"","overlay-gradient":""},"mobile":{"background-color":"","background-image":"","background-repeat":"repeat","background-position":"center center","background-size":"auto","background-attachment":"scroll","background-type":"","background-media":"","overlay-type":"","overlay-color":"","overlay-opacity":"","overlay-gradient":""}},"ast-content-background-meta":{"desktop":{"background-color":"var(--ast-global-color-4)","background-image":"","background-repeat":"repeat","background-position":"center center","background-size":"auto","background-attachment":"scroll","background-type":"","background-media":"","overlay-type":"","overlay-color":"","overlay-opacity":"","overlay-gradient":""},"tablet":{"background-color":"var(--ast-global-color-4)","background-image":"","background-repeat":"repeat","background-position":"center center","background-size":"auto","background-attachment":"scroll","background-type":"","background-media":"","overlay-type":"","overlay-color":"","overlay-opacity":"","overlay-gradient":""},"mobile":{"background-color":"var(--ast-global-color-4)","background-image":"","background-repeat":"repeat","background-position":"center center","background-size":"auto","background-attachment":"scroll","background-type":"","background-media":"","overlay-type":"","overlay-color":"","overlay-opacity":"","overlay-gradient":""}},"footnotes":""},"class_list":["post-55","page","type-page","status-publish","hentry"],"_links":{"self":[{"href":"https:\/\/popwrist.com\/it\/wp-json\/wp\/v2\/pages\/55","targetHints":{"allow":["GET"]}}],"collection":[{"href":"https:\/\/popwrist.com\/it\/wp-json\/wp\/v2\/pages"}],"about":[{"href":"https:\/\/popwrist.com\/it\/wp-json\/wp\/v2\/types\/page"}],"author":[{"embeddable":true,"href":"https:\/\/popwrist.com\/it\/wp-json\/wp\/v2\/users\/1"}],"replies":[{"embeddable":true,"href":"https:\/\/popwrist.com\/it\/wp-json\/wp\/v2\/comments?post=55"}],"version-history":[{"count":16,"href":"https:\/\/popwrist.com\/it\/wp-json\/wp\/v2\/pages\/55\/revisions"}],"predecessor-version":[{"id":7290,"href":"https:\/\/popwrist.com\/it\/wp-json\/wp\/v2\/pages\/55\/revisions\/7290"}],"wp:attachment":[{"href":"https:\/\/popwrist.com\/it\/wp-json\/wp\/v2\/media?parent=55"}],"curies":[{"name":"wp","href":"https:\/\/api.w.org\/{rel}","templated":true}]}}