{"id":61,"date":"2024-06-28T01:33:19","date_gmt":"2024-06-27T17:33:19","guid":{"rendered":"https:\/\/popwrist.com\/?page_id=61"},"modified":"2024-07-22T02:53:30","modified_gmt":"2024-07-21T18:53:30","slug":"privacy-policy","status":"publish","type":"page","link":"https:\/\/popwrist.com\/fr\/privacy-policy\/","title":{"rendered":"Politique de confidentialit\u00e9"},"content":{"rendered":"<div data-elementor-type=\"wp-page\" data-elementor-id=\"61\" class=\"elementor elementor-61\" data-elementor-post-type=\"page\">\n\t\t\t\t<div class=\"elementor-element elementor-element-05a4679 e-flex e-con-boxed e-con e-parent\" data-id=\"05a4679\" data-element_type=\"container\">\n\t\t\t\t\t<div class=\"e-con-inner\">\n\t\t\t\t<div class=\"elementor-element elementor-element-cbb3e32 elementor-widget elementor-widget-heading\" data-id=\"cbb3e32\" data-element_type=\"widget\" data-widget_type=\"heading.default\">\n\t\t\t\t<div class=\"elementor-widget-container\">\n\t\t\t\t\t<h1 class=\"elementor-heading-title elementor-size-default\">Politique de confidentialit\u00e9<\/h1>\t\t\t\t<\/div>\n\t\t\t\t<\/div>\n\t\t\t\t<div class=\"elementor-element elementor-element-11fa136 elementor-widget elementor-widget-text-editor\" data-id=\"11fa136\" data-element_type=\"widget\" data-widget_type=\"text-editor.default\">\n\t\t\t\t<div class=\"elementor-widget-container\">\n\t\t\t\t\t\t\t\t\t<h3 data-dl-uid=\"371\" data-dl-original=\"true\" data-dl-translated=\"false\">Politique de confidentialit\u00e9 pour POPwrist.com<\/h3><p data-dl-uid=\"372\" data-dl-original=\"true\" data-dl-translated=\"false\"><strong data-dl-uid=\"373\" data-dl-original=\"true\" data-dl-translated=\"false\">Date d'entr\u00e9e en vigueur :<\/strong> 16\/03\/2023<\/p><p data-dl-uid=\"374\" data-dl-original=\"true\" data-dl-translated=\"false\">Chez POPwrist.com, nous nous engageons \u00e0 prot\u00e9ger votre vie priv\u00e9e. Cette politique de confidentialit\u00e9 explique comment nous recueillons, utilisons et prot\u00e9geons vos informations personnelles lorsque vous visitez notre site web ou achetez nos produits.<\/p><h3 data-dl-uid=\"375\" data-dl-original=\"true\" data-dl-translated=\"false\"><strong data-dl-uid=\"376\" data-dl-original=\"true\" data-dl-translated=\"false\">1. Les informations que nous collectons<\/strong><\/h3><p data-dl-uid=\"377\" data-dl-original=\"true\" data-dl-translated=\"false\"><strong data-dl-uid=\"378\" data-dl-original=\"true\" data-dl-translated=\"false\">1.1 Informations personnelles :<\/strong><\/p><ul><li data-dl-uid=\"379\" data-dl-original=\"true\" data-dl-translated=\"false\"><strong data-dl-uid=\"380\" data-dl-original=\"true\" data-dl-translated=\"false\">Coordonn\u00e9es :<\/strong> Nom, adresse \u00e9lectronique, num\u00e9ro de t\u00e9l\u00e9phone et adresse de livraison.<\/li><li data-dl-uid=\"381\" data-dl-original=\"true\" data-dl-translated=\"false\"><strong data-dl-uid=\"382\" data-dl-original=\"true\" data-dl-translated=\"false\">Informations sur le paiement :<\/strong> Les donn\u00e9es relatives aux cartes de cr\u00e9dit et autres informations de paiement trait\u00e9es par des processeurs de paiement tiers. Nous ne conservons pas vos donn\u00e9es de paiement.<\/li><li data-dl-uid=\"383\" data-dl-original=\"true\" data-dl-translated=\"false\"><strong data-dl-uid=\"384\" data-dl-original=\"true\" data-dl-translated=\"false\">Informations sur le compte :<\/strong> Nom d'utilisateur et mot de passe lorsque vous cr\u00e9ez un compte sur notre site web.<\/li><\/ul><p data-dl-uid=\"385\" data-dl-original=\"true\" data-dl-translated=\"false\"><strong data-dl-uid=\"386\" data-dl-original=\"true\" data-dl-translated=\"false\">1.2 Informations non personnelles :<\/strong><\/p><ul><li data-dl-uid=\"387\" data-dl-original=\"true\" data-dl-translated=\"false\"><strong data-dl-uid=\"388\" data-dl-original=\"true\" data-dl-translated=\"false\">Informations sur la navigation :<\/strong> Adresse IP, type de navigateur, syst\u00e8me d'exploitation, URL de r\u00e9f\u00e9rence et comportement de navigation sur notre site.<\/li><li data-dl-uid=\"389\" data-dl-original=\"true\" data-dl-translated=\"false\"><strong data-dl-uid=\"390\" data-dl-original=\"true\" data-dl-translated=\"false\">Cookies :<\/strong> Petits fichiers de donn\u00e9es stock\u00e9s sur votre appareil pour am\u00e9liorer votre exp\u00e9rience de navigation et suivre l'utilisation du site web.<\/li><\/ul><h3 data-dl-uid=\"391\" data-dl-original=\"true\" data-dl-translated=\"false\"><strong data-dl-uid=\"392\" data-dl-original=\"true\" data-dl-translated=\"false\">2. Comment nous utilisons vos informations<\/strong><\/h3><p data-dl-uid=\"393\" data-dl-original=\"true\" data-dl-translated=\"false\"><strong data-dl-uid=\"394\" data-dl-original=\"true\" data-dl-translated=\"false\">2.1 Fournir et am\u00e9liorer nos services :<\/strong><\/p><ul><li data-dl-uid=\"395\" data-dl-original=\"true\" data-dl-translated=\"false\">Traiter et ex\u00e9cuter vos commandes.<\/li><li data-dl-uid=\"396\" data-dl-original=\"true\" data-dl-translated=\"false\">R\u00e9pondre \u00e0 vos demandes et fournir une assistance \u00e0 la client\u00e8le.<\/li><li data-dl-uid=\"397\" data-dl-original=\"true\" data-dl-translated=\"false\">Personnaliser votre exp\u00e9rience d'achat et am\u00e9liorer la fonctionnalit\u00e9 de notre site web.<\/li><\/ul><p data-dl-uid=\"398\" data-dl-original=\"true\" data-dl-translated=\"false\"><strong data-dl-uid=\"399\" data-dl-original=\"true\" data-dl-translated=\"false\">2.2 Marketing et communication :<\/strong><\/p><ul><li data-dl-uid=\"400\" data-dl-original=\"true\" data-dl-translated=\"false\">Envoyer des courriels promotionnels, des bulletins d'information et des mises \u00e0 jour sur nos produits et services. Vous pouvez vous d\u00e9sinscrire \u00e0 tout moment.<\/li><li data-dl-uid=\"401\" data-dl-original=\"true\" data-dl-translated=\"false\">R\u00e9aliser des enqu\u00eates et recueillir des commentaires afin d'am\u00e9liorer nos offres.<\/li><\/ul><p data-dl-uid=\"402\" data-dl-original=\"true\" data-dl-translated=\"false\"><strong data-dl-uid=\"403\" data-dl-original=\"true\" data-dl-translated=\"false\">2.3 Juridique et conformit\u00e9 :<\/strong><\/p><ul><li data-dl-uid=\"404\" data-dl-original=\"true\" data-dl-translated=\"false\">Respecter les obligations l\u00e9gales et prot\u00e9ger nos droits.<\/li><li data-dl-uid=\"405\" data-dl-original=\"true\" data-dl-translated=\"false\">Pr\u00e9venir la fraude et assurer la s\u00e9curit\u00e9 de notre site web.<\/li><\/ul><h3 data-dl-uid=\"406\" data-dl-original=\"true\" data-dl-translated=\"false\"><strong data-dl-translated=\"false\">3. Partage des informations<\/strong><\/h3><p data-dl-uid=\"407\" data-dl-original=\"true\" data-dl-translated=\"false\"><strong data-dl-uid=\"408\" data-dl-original=\"true\" data-dl-translated=\"false\">3.1 Fournisseurs de services tiers :<\/strong> Nous pouvons partager vos informations avec des prestataires de services tiers qui nous aident \u00e0.. :<\/p><ul><li data-dl-uid=\"409\" data-dl-original=\"true\" data-dl-translated=\"false\">Traitement des paiements<\/li><li data-dl-uid=\"410\" data-dl-original=\"true\" data-dl-translated=\"false\">Ex\u00e9cution des commandes<\/li><li data-dl-uid=\"411\" data-dl-original=\"true\" data-dl-translated=\"false\">Marketing et analyse<\/li><li data-dl-uid=\"412\" data-dl-original=\"true\" data-dl-translated=\"false\">H\u00e9bergement et maintenance du site web<\/li><\/ul><p data-dl-uid=\"413\" data-dl-original=\"true\" data-dl-translated=\"false\"><strong data-dl-uid=\"414\" data-dl-original=\"true\" data-dl-translated=\"false\">3.2 Exigences l\u00e9gales :<\/strong> Nous pouvons divulguer vos informations si la loi l'exige ou en r\u00e9ponse \u00e0 des demandes l\u00e9gales, telles que des citations \u00e0 compara\u00eetre ou des ordonnances judiciaires.<\/p><h3 data-dl-uid=\"415\" data-dl-original=\"true\" data-dl-translated=\"false\"><strong data-dl-uid=\"416\" data-dl-original=\"true\" data-dl-translated=\"false\">4. Transferts internationaux de donn\u00e9es<\/strong><\/h3><p data-dl-uid=\"417\" data-dl-original=\"true\" data-dl-translated=\"false\">Nos clients cibles se trouvant en Europe et en Am\u00e9rique du Nord, vos informations peuvent \u00eatre transf\u00e9r\u00e9es et trait\u00e9es dans des pays autres que le v\u00f4tre. Nous veillons \u00e0 ce que vos donn\u00e9es soient prot\u00e9g\u00e9es conform\u00e9ment aux lois applicables, y compris le GDPR pour les utilisateurs europ\u00e9ens.<\/p><h3 data-dl-uid=\"418\" data-dl-original=\"true\" data-dl-translated=\"false\"><strong data-dl-uid=\"419\" data-dl-original=\"true\" data-dl-translated=\"false\">5. S\u00e9curit\u00e9 des donn\u00e9es<\/strong><\/h3><p data-dl-uid=\"420\" data-dl-original=\"true\" data-dl-translated=\"false\">Nous mettons en \u0153uvre des mesures techniques et organisationnelles appropri\u00e9es pour prot\u00e9ger vos informations personnelles contre l'acc\u00e8s non autoris\u00e9, l'alt\u00e9ration, la divulgation ou la destruction. Ces mesures comprennent le cryptage, les contr\u00f4les d'acc\u00e8s et des audits de s\u00e9curit\u00e9 r\u00e9guliers.<\/p><h3 data-dl-uid=\"421\" data-dl-original=\"true\" data-dl-translated=\"false\"><strong data-dl-uid=\"422\" data-dl-original=\"true\" data-dl-translated=\"false\">6. Conservation des donn\u00e9es<\/strong><\/h3><p data-dl-uid=\"423\" data-dl-original=\"true\" data-dl-translated=\"false\">Nous ne conservons vos informations personnelles qu'aussi longtemps que n\u00e9cessaire pour atteindre les objectifs pour lesquels nous les avons collect\u00e9es, y compris pour r\u00e9pondre \u00e0 des exigences l\u00e9gales, comptables ou de reporting.<\/p><h3 data-dl-uid=\"424\" data-dl-original=\"true\" data-dl-translated=\"false\"><strong data-dl-uid=\"425\" data-dl-original=\"true\" data-dl-translated=\"false\">7. Vos droits<\/strong><\/h3><p data-dl-uid=\"426\" data-dl-original=\"true\" data-dl-translated=\"false\"><strong data-dl-uid=\"427\" data-dl-original=\"true\" data-dl-translated=\"false\">7.1 Utilisateurs europ\u00e9ens :<\/strong><\/p><ul><li data-dl-uid=\"428\" data-dl-original=\"true\" data-dl-translated=\"false\"><strong data-dl-uid=\"429\" data-dl-original=\"true\" data-dl-translated=\"false\">Acc\u00e8s :<\/strong> Demander une copie de vos donn\u00e9es personnelles.<\/li><li data-dl-uid=\"430\" data-dl-original=\"true\" data-dl-translated=\"false\"><strong data-dl-uid=\"431\" data-dl-original=\"true\" data-dl-translated=\"false\">Correction :<\/strong> Corriger les donn\u00e9es inexactes ou incompl\u00e8tes.<\/li><li data-dl-uid=\"432\" data-dl-original=\"true\" data-dl-translated=\"false\"><strong data-dl-uid=\"433\" data-dl-original=\"true\" data-dl-translated=\"false\">Suppression :<\/strong> Demander la suppression de vos donn\u00e9es personnelles.<\/li><li data-dl-uid=\"434\" data-dl-original=\"true\" data-dl-translated=\"false\"><strong data-dl-uid=\"435\" data-dl-original=\"true\" data-dl-translated=\"false\">Restriction :<\/strong> Restreindre le traitement de vos donn\u00e9es sous certaines conditions.<\/li><li data-dl-uid=\"436\" data-dl-original=\"true\" data-dl-translated=\"false\"><strong data-dl-translated=\"false\">Portabilit\u00e9 :<\/strong> Demande de transfert de vos donn\u00e9es \u00e0 une autre organisation.<\/li><\/ul><p data-dl-uid=\"437\" data-dl-original=\"true\" data-dl-translated=\"false\"><strong data-dl-uid=\"438\" data-dl-original=\"true\" data-dl-translated=\"false\">7.2 Utilisateurs nord-am\u00e9ricains :<\/strong><\/p><ul><li data-dl-uid=\"439\" data-dl-original=\"true\" data-dl-translated=\"false\"><strong data-dl-uid=\"440\" data-dl-original=\"true\" data-dl-translated=\"false\">Acc\u00e8s et correction :<\/strong> Des droits similaires d'acc\u00e8s et de rectification de vos donn\u00e9es.<\/li><li data-dl-uid=\"441\" data-dl-original=\"true\" data-dl-translated=\"false\"><strong data-dl-uid=\"442\" data-dl-original=\"true\" data-dl-translated=\"false\">Opt-Out :<\/strong> Refus des communications marketing.<\/li><\/ul><p data-dl-uid=\"443\" data-dl-original=\"true\" data-dl-translated=\"false\">Pour exercer l'un de ces droits, veuillez nous contacter \u00e0 l'adresse suivante <a rel=\"noreferrer\" data-dl-translated=\"false\">customer@popwrist.com<\/a>.<\/p><h3 data-dl-uid=\"444\" data-dl-original=\"true\" data-dl-translated=\"false\"><strong data-dl-uid=\"445\" data-dl-original=\"true\" data-dl-translated=\"false\">8. Cookies et technologies de suivi<\/strong><\/h3><p data-dl-uid=\"446\" data-dl-original=\"true\" data-dl-translated=\"false\">Nous utilisons des cookies et des technologies similaires pour collecter et suivre des informations sur votre comportement de navigation. Vous pouvez g\u00e9rer vos pr\u00e9f\u00e9rences en mati\u00e8re de cookies par le biais des param\u00e8tres de votre navigateur.<\/p><h3 data-dl-uid=\"447\" data-dl-original=\"true\" data-dl-translated=\"false\"><strong data-dl-uid=\"448\" data-dl-original=\"true\" data-dl-translated=\"false\">9. Vie priv\u00e9e des enfants<\/strong><\/h3><p data-dl-uid=\"449\" data-dl-original=\"true\" data-dl-translated=\"false\">Notre site web n'est pas destin\u00e9 aux enfants de moins de 13 ans. Nous ne recueillons pas sciemment d'informations personnelles aupr\u00e8s d'enfants de moins de 13 ans. Si nous apprenons que nous avons re\u00e7u par inadvertance des informations personnelles d'un enfant de moins de 13 ans, nous supprimerons ces informations de nos dossiers.<\/p><h3 data-dl-uid=\"450\" data-dl-original=\"true\" data-dl-translated=\"false\"><strong data-dl-uid=\"451\" data-dl-original=\"true\" data-dl-translated=\"false\">10. Modifications de la pr\u00e9sente politique de protection de la vie priv\u00e9e<\/strong><\/h3><p data-dl-uid=\"452\" data-dl-original=\"true\" data-dl-translated=\"false\">Nous pouvons mettre \u00e0 jour la pr\u00e9sente politique de confidentialit\u00e9 de temps \u00e0 autre. Toute modification sera publi\u00e9e sur cette page avec une date d'entr\u00e9e en vigueur actualis\u00e9e.<\/p><h3 data-dl-uid=\"453\" data-dl-original=\"true\" data-dl-translated=\"false\"><strong data-dl-uid=\"454\" data-dl-original=\"true\" data-dl-translated=\"false\">11. Nous contacter<\/strong><\/h3><p data-dl-uid=\"455\" data-dl-original=\"true\" data-dl-translated=\"false\">Si vous avez des questions ou des pr\u00e9occupations concernant la pr\u00e9sente politique de confidentialit\u00e9 ou nos pratiques en mati\u00e8re de donn\u00e9es, veuillez nous contacter \u00e0 l'adresse suivante<\/p><p data-dl-uid=\"456\" data-dl-original=\"true\" data-dl-translated=\"false\">Courriel : <a rel=\"noreferrer\" data-dl-uid=\"457\" data-dl-original=\"true\" data-dl-translated=\"false\">customer@popwrist.com<\/a><br data-dl-uid=\"458\" data-dl-original=\"true\" data-dl-translated=\"false\" \/>Adresse : Salle 1207, Jinhai'an Building, No. 9 Chuangye Road, Nanshan District, Shenzhen, Chine<\/p><p data-dl-uid=\"459\" data-dl-original=\"true\" data-dl-translated=\"false\">Merci de confier vos informations personnelles \u00e0 POPwrist.com. Nous nous engageons \u00e0 prot\u00e9ger votre vie priv\u00e9e et \u00e0 vous garantir une exp\u00e9rience d'achat s\u00fbre.<\/p>\t\t\t\t\t\t\t\t<\/div>\n\t\t\t\t<\/div>\n\t\t\t\t\t<\/div>\n\t\t\t\t<\/div>\n\t\t\t\t<\/div>","protected":false},"excerpt":{"rendered":"<p>Privacy Policy Privacy Policy for POPwrist.com Effective Date: 16\/03\/2023 At POPwrist.com, we are committed to protecting your privacy. This Privacy [&hellip;]<\/p>","protected":false},"author":1,"featured_media":0,"parent":0,"menu_order":0,"comment_status":"closed","ping_status":"closed","template":"","meta":{"site-sidebar-layout":"no-sidebar","site-content-layout":"","ast-site-content-layout":"full-width-container","site-content-style":"default","site-sidebar-style":"default","ast-global-header-display":"","ast-banner-title-visibility":"","ast-main-header-display":"","ast-hfb-above-header-display":"","ast-hfb-below-header-display":"","ast-hfb-mobile-header-display":"","site-post-title":"disabled","ast-breadcrumbs-content":"","ast-featured-img":"disabled","footer-sml-layout":"","ast-disable-related-posts":"","theme-transparent-header-meta":"","adv-header-id-meta":"","stick-header-meta":"","header-above-stick-meta":"","header-main-stick-meta":"","header-below-stick-meta":"","astra-migrate-meta-layouts":"default","ast-page-background-enabled":"default","ast-page-background-meta":{"desktop":{"background-color":"var(--ast-global-color-5)","background-image":"","background-repeat":"repeat","background-position":"center center","background-size":"auto","background-attachment":"scroll","background-type":"","background-media":"","overlay-type":"","overlay-color":"","overlay-opacity":"","overlay-gradient":""},"tablet":{"background-color":"","background-image":"","background-repeat":"repeat","background-position":"center center","background-size":"auto","background-attachment":"scroll","background-type":"","background-media":"","overlay-type":"","overlay-color":"","overlay-opacity":"","overlay-gradient":""},"mobile":{"background-color":"","background-image":"","background-repeat":"repeat","background-position":"center center","background-size":"auto","background-attachment":"scroll","background-type":"","background-media":"","overlay-type":"","overlay-color":"","overlay-opacity":"","overlay-gradient":""}},"ast-content-background-meta":{"desktop":{"background-color":"var(--ast-global-color-4)","background-image":"","background-repeat":"repeat","background-position":"center center","background-size":"auto","background-attachment":"scroll","background-type":"","background-media":"","overlay-type":"","overlay-color":"","overlay-opacity":"","overlay-gradient":""},"tablet":{"background-color":"var(--ast-global-color-4)","background-image":"","background-repeat":"repeat","background-position":"center center","background-size":"auto","background-attachment":"scroll","background-type":"","background-media":"","overlay-type":"","overlay-color":"","overlay-opacity":"","overlay-gradient":""},"mobile":{"background-color":"var(--ast-global-color-4)","background-image":"","background-repeat":"repeat","background-position":"center center","background-size":"auto","background-attachment":"scroll","background-type":"","background-media":"","overlay-type":"","overlay-color":"","overlay-opacity":"","overlay-gradient":""}},"footnotes":""},"class_list":["post-61","page","type-page","status-publish","hentry"],"_links":{"self":[{"href":"https:\/\/popwrist.com\/fr\/wp-json\/wp\/v2\/pages\/61","targetHints":{"allow":["GET"]}}],"collection":[{"href":"https:\/\/popwrist.com\/fr\/wp-json\/wp\/v2\/pages"}],"about":[{"href":"https:\/\/popwrist.com\/fr\/wp-json\/wp\/v2\/types\/page"}],"author":[{"embeddable":true,"href":"https:\/\/popwrist.com\/fr\/wp-json\/wp\/v2\/users\/1"}],"replies":[{"embeddable":true,"href":"https:\/\/popwrist.com\/fr\/wp-json\/wp\/v2\/comments?post=61"}],"version-history":[{"count":20,"href":"https:\/\/popwrist.com\/fr\/wp-json\/wp\/v2\/pages\/61\/revisions"}],"predecessor-version":[{"id":19992,"href":"https:\/\/popwrist.com\/fr\/wp-json\/wp\/v2\/pages\/61\/revisions\/19992"}],"wp:attachment":[{"href":"https:\/\/popwrist.com\/fr\/wp-json\/wp\/v2\/media?parent=61"}],"curies":[{"name":"wp","href":"https:\/\/api.w.org\/{rel}","templated":true}]}}