{"id":55,"date":"2024-06-28T01:32:05","date_gmt":"2024-06-27T17:32:05","guid":{"rendered":"https:\/\/popwrist.com\/?page_id=55"},"modified":"2024-09-21T04:51:09","modified_gmt":"2024-09-20T20:51:09","slug":"shipping","status":"publish","type":"page","link":"https:\/\/popwrist.com\/fr\/shipping\/","title":{"rendered":"SHIPPING"},"content":{"rendered":"<div data-elementor-type=\"wp-page\" data-elementor-id=\"55\" class=\"elementor elementor-55\" data-elementor-post-type=\"page\">\n\t\t\t\t<div class=\"elementor-element elementor-element-50e118c e-flex e-con-boxed e-con e-parent\" data-id=\"50e118c\" data-element_type=\"container\">\n\t\t\t\t\t<div class=\"e-con-inner\">\n\t\t\t\t<div class=\"elementor-element elementor-element-55324fd elementor-widget elementor-widget-heading\" data-id=\"55324fd\" data-element_type=\"widget\" data-widget_type=\"heading.default\">\n\t\t\t\t<div class=\"elementor-widget-container\">\n\t\t\t\t\t<h1 class=\"elementor-heading-title elementor-size-default\">POLITIQUE D'EXP\u00c9DITION<\/h1>\t\t\t\t<\/div>\n\t\t\t\t<\/div>\n\t\t\t\t<div class=\"elementor-element elementor-element-594ed6b elementor-widget elementor-widget-text-editor\" data-id=\"594ed6b\" data-element_type=\"widget\" data-widget_type=\"text-editor.default\">\n\t\t\t\t<div class=\"elementor-widget-container\">\n\t\t\t\t\t\t\t\t\t<h4 data-dl-uid=\"99\" data-dl-original=\"true\" data-dl-translated=\"false\">D\u00c9LAI DE TRAITEMENT DES COMMANDES<\/h4><p data-dl-uid=\"100\" data-dl-original=\"true\" data-dl-translated=\"false\">Toutes les commandes pass\u00e9es sur notre site web sont trait\u00e9es et exp\u00e9di\u00e9es dans les 72 heures (hors week-ends et jours f\u00e9ri\u00e9s). Si vous passez une commande pendant un week-end ou un jour f\u00e9ri\u00e9, elle sera trait\u00e9e le jour ouvrable suivant. Une fois votre commande trait\u00e9e, vous recevrez une notification contenant le num\u00e9ro de suivi de votre envoi.<\/p><h4 data-dl-uid=\"101\" data-dl-original=\"true\" data-dl-translated=\"false\">LIVRAISON GRATUITE<\/h4><p data-dl-uid=\"102\" data-dl-original=\"true\" data-dl-translated=\"false\">Les frais de port sont gratuits \u00e0 partir de $39. Les commandes inf\u00e9rieures \u00e0 ce montant seront soumises \u00e0 des frais d'exp\u00e9dition standard.<\/p><h4 data-dl-uid=\"104\" data-dl-original=\"true\" data-dl-translated=\"false\">D\u00c9LAI DE LIVRAISON<\/h4><p data-dl-uid=\"105\" data-dl-original=\"true\" data-dl-translated=\"false\">Les d\u00e9lais de livraison estim\u00e9s pour certaines r\u00e9gions sont les suivants :<\/p><ul><li data-dl-uid=\"106\" data-dl-original=\"true\" data-dl-translated=\"false\"><strong data-dl-uid=\"107\" data-dl-original=\"true\" data-dl-translated=\"false\">L'Europe<\/strong>: Livraison estim\u00e9e dans les 9 jours ouvrables.<\/li><li data-dl-uid=\"108\" data-dl-original=\"true\" data-dl-translated=\"false\"><strong data-dl-uid=\"109\" data-dl-original=\"true\" data-dl-translated=\"false\">Am\u00e9rique du Nord<\/strong>: Livraison estim\u00e9e dans les 7 jours ouvrables.<\/li><\/ul><p data-dl-uid=\"110\" data-dl-original=\"true\" data-dl-translated=\"false\">Veuillez noter qu'il s'agit de d\u00e9lais de livraison estim\u00e9s et qu'ils peuvent varier en fonction de facteurs tels que le d\u00e9douanement, les conditions m\u00e9t\u00e9orologiques ou d'autres circonstances impr\u00e9visibles. Toutes les dates indiqu\u00e9es sont bas\u00e9es sur des commandes pass\u00e9es avant 12h00 pour permettre une exp\u00e9dition le jour m\u00eame.<\/p><h4 data-dl-uid=\"111\" data-dl-original=\"true\" data-dl-translated=\"false\">TAXES, TVA, FRAIS D'IMPORTATION<\/h4><p data-dl-uid=\"112\" data-dl-original=\"true\" data-dl-translated=\"false\">Les tarifs d'exp\u00e9dition indiqu\u00e9s sur notre site web ne comprennent pas les taxes locales, la TVA, les droits d'importation ou d'autres frais de d\u00e9douanement. Nous travaillons avec des transporteurs qui s'occupent g\u00e9n\u00e9ralement du d\u00e9douanement des importations et des exportations, ce qui signifie que dans la plupart des cas, vous n'aurez pas \u00e0 payer de taxes ou de frais suppl\u00e9mentaires \u00e0 la r\u00e9ception de votre commande. Toutefois, nous ne pouvons pas garantir que les autorit\u00e9s douani\u00e8res de votre pays n'imposeront pas de taxes ou de droits. Tous les frais suppl\u00e9mentaires exig\u00e9s par les douanes sont \u00e0 la charge du client.<\/p><h4 data-dl-uid=\"114\" data-dl-original=\"true\" data-dl-translated=\"false\">ASSURANCE<\/h4><p data-dl-uid=\"115\" data-dl-original=\"true\" data-dl-translated=\"false\">POPwrist fournit une couverture d'assurance pour chaque envoi. Veuillez noter qu'il peut vous \u00eatre demand\u00e9 de signer pour r\u00e9cup\u00e9rer votre colis \u00e0 la livraison.<\/p><h4 data-dl-uid=\"116\" data-dl-original=\"true\" data-dl-translated=\"false\">LES ENVOIS REFUS\u00c9S<\/h4><p data-dl-uid=\"117\" data-dl-original=\"true\" data-dl-translated=\"false\">Les colis refus\u00e9s ou non re\u00e7us pour cause d'adresse incorrecte, de refus de payer les droits d'importation ou d'adresse non livrable seront rembours\u00e9s une fois renvoy\u00e9s \u00e0 notre entrep\u00f4t. Les remboursements seront effectu\u00e9s apr\u00e8s d\u00e9duction des frais d'exp\u00e9dition vers et depuis le pays de destination, ainsi que des droits et taxes applicables.<\/p><h4 data-dl-uid=\"118\" data-dl-original=\"true\" data-dl-translated=\"false\">RESTRICTIONS DE LIVRAISON<\/h4><p data-dl-uid=\"119\" data-dl-original=\"true\" data-dl-translated=\"false\">Nous offrons une livraison gratuite pour les commandes sup\u00e9rieures \u00e0 $39. Toutefois, nous ne livrons pas aux adresses APO\/FPO ou PO BOX. Une adresse physique valide est n\u00e9cessaire pour traiter votre commande.<\/p><h4 data-dl-uid=\"120\" data-dl-original=\"true\" data-dl-translated=\"false\">PROBL\u00c8MES D'EXP\u00c9DITION ET DE LIVRAISON<\/h4><p data-dl-uid=\"121\" data-dl-original=\"true\" data-dl-translated=\"false\">Si votre envoi est perdu ou endommag\u00e9, veuillez en informer POPwrist dans les 10 jours ouvrables afin que nous puissions lancer une recherche aupr\u00e8s du transporteur. Une fois que le transporteur aura termin\u00e9 son enqu\u00eate, nous proc\u00e9derons \u00e0 un remplacement ou \u00e0 un remboursement en fonction de la situation. Si l'article n'est plus disponible, un remboursement sera effectu\u00e9. Pour les articles incorrects, veuillez nous contacter dans les 5 jours suivant la livraison pour corriger le probl\u00e8me.<\/p>\t\t\t\t\t\t\t\t<\/div>\n\t\t\t\t<\/div>\n\t\t\t\t\t<\/div>\n\t\t\t\t<\/div>\n\t\t\t\t<\/div>","protected":false},"excerpt":{"rendered":"<p>SHIPPING POLICY ORDER PROCESSING TIME All orders placed on our website are processed and shipped within 72 hours (excluding weekends [&hellip;]<\/p>","protected":false},"author":1,"featured_media":0,"parent":0,"menu_order":0,"comment_status":"closed","ping_status":"closed","template":"","meta":{"site-sidebar-layout":"no-sidebar","site-content-layout":"","ast-site-content-layout":"full-width-container","site-content-style":"default","site-sidebar-style":"default","ast-global-header-display":"","ast-banner-title-visibility":"","ast-main-header-display":"","ast-hfb-above-header-display":"","ast-hfb-below-header-display":"","ast-hfb-mobile-header-display":"","site-post-title":"disabled","ast-breadcrumbs-content":"","ast-featured-img":"disabled","footer-sml-layout":"","ast-disable-related-posts":"","theme-transparent-header-meta":"","adv-header-id-meta":"","stick-header-meta":"","header-above-stick-meta":"","header-main-stick-meta":"","header-below-stick-meta":"","astra-migrate-meta-layouts":"default","ast-page-background-enabled":"default","ast-page-background-meta":{"desktop":{"background-color":"var(--ast-global-color-5)","background-image":"","background-repeat":"repeat","background-position":"center center","background-size":"auto","background-attachment":"scroll","background-type":"","background-media":"","overlay-type":"","overlay-color":"","overlay-opacity":"","overlay-gradient":""},"tablet":{"background-color":"","background-image":"","background-repeat":"repeat","background-position":"center center","background-size":"auto","background-attachment":"scroll","background-type":"","background-media":"","overlay-type":"","overlay-color":"","overlay-opacity":"","overlay-gradient":""},"mobile":{"background-color":"","background-image":"","background-repeat":"repeat","background-position":"center center","background-size":"auto","background-attachment":"scroll","background-type":"","background-media":"","overlay-type":"","overlay-color":"","overlay-opacity":"","overlay-gradient":""}},"ast-content-background-meta":{"desktop":{"background-color":"var(--ast-global-color-4)","background-image":"","background-repeat":"repeat","background-position":"center center","background-size":"auto","background-attachment":"scroll","background-type":"","background-media":"","overlay-type":"","overlay-color":"","overlay-opacity":"","overlay-gradient":""},"tablet":{"background-color":"var(--ast-global-color-4)","background-image":"","background-repeat":"repeat","background-position":"center center","background-size":"auto","background-attachment":"scroll","background-type":"","background-media":"","overlay-type":"","overlay-color":"","overlay-opacity":"","overlay-gradient":""},"mobile":{"background-color":"var(--ast-global-color-4)","background-image":"","background-repeat":"repeat","background-position":"center center","background-size":"auto","background-attachment":"scroll","background-type":"","background-media":"","overlay-type":"","overlay-color":"","overlay-opacity":"","overlay-gradient":""}},"footnotes":""},"class_list":["post-55","page","type-page","status-publish","hentry"],"_links":{"self":[{"href":"https:\/\/popwrist.com\/fr\/wp-json\/wp\/v2\/pages\/55","targetHints":{"allow":["GET"]}}],"collection":[{"href":"https:\/\/popwrist.com\/fr\/wp-json\/wp\/v2\/pages"}],"about":[{"href":"https:\/\/popwrist.com\/fr\/wp-json\/wp\/v2\/types\/page"}],"author":[{"embeddable":true,"href":"https:\/\/popwrist.com\/fr\/wp-json\/wp\/v2\/users\/1"}],"replies":[{"embeddable":true,"href":"https:\/\/popwrist.com\/fr\/wp-json\/wp\/v2\/comments?post=55"}],"version-history":[{"count":16,"href":"https:\/\/popwrist.com\/fr\/wp-json\/wp\/v2\/pages\/55\/revisions"}],"predecessor-version":[{"id":7290,"href":"https:\/\/popwrist.com\/fr\/wp-json\/wp\/v2\/pages\/55\/revisions\/7290"}],"wp:attachment":[{"href":"https:\/\/popwrist.com\/fr\/wp-json\/wp\/v2\/media?parent=55"}],"curies":[{"name":"wp","href":"https:\/\/api.w.org\/{rel}","templated":true}]}}