{"id":17802,"date":"2025-04-17T23:18:19","date_gmt":"2025-04-17T15:18:19","guid":{"rendered":"https:\/\/popwrist.com\/?page_id=17802"},"modified":"2025-10-01T06:39:52","modified_gmt":"2025-09-30T22:39:52","slug":"watch-knowledge","status":"publish","type":"page","link":"https:\/\/popwrist.com\/fr\/watches-blog\/watch-knowledge\/","title":{"rendered":"CONNAISSANCE DES MONTRES"},"content":{"rendered":"<div data-elementor-type=\"wp-page\" data-elementor-id=\"17802\" class=\"elementor elementor-17802\" data-elementor-post-type=\"page\">\n\t\t\t\t<div class=\"elementor-element elementor-element-d9360fc e-flex e-con-boxed e-con e-parent\" data-id=\"d9360fc\" data-element_type=\"container\">\n\t\t\t\t\t<div class=\"e-con-inner\">\n\t\t\t\t<div class=\"elementor-element elementor-element-2bd74c6 elementor-nav-menu__align-center elementor-nav-menu__text-align-center elementor-nav-menu--stretch elementor-nav-menu--dropdown-tablet elementor-nav-menu--toggle elementor-nav-menu--burger elementor-widget elementor-widget-nav-menu\" data-id=\"2bd74c6\" data-element_type=\"widget\" data-settings=\"{&quot;full_width&quot;:&quot;stretch&quot;,&quot;layout&quot;:&quot;horizontal&quot;,&quot;submenu_icon&quot;:{&quot;value&quot;:&quot;&lt;i class=\\&quot;fas fa-caret-down\\&quot; aria-hidden=\\&quot;true\\&quot;&gt;&lt;\\\/i&gt;&quot;,&quot;library&quot;:&quot;fa-solid&quot;},&quot;toggle&quot;:&quot;burger&quot;}\" data-widget_type=\"nav-menu.default\">\n\t\t\t\t<div class=\"elementor-widget-container\">\n\t\t\t\t\t\t\t\t<nav aria-label=\"Menu\" class=\"elementor-nav-menu--main elementor-nav-menu__container elementor-nav-menu--layout-horizontal e--pointer-text e--animation-grow\">\n\t\t\t\t<ul id=\"menu-1-2bd74c6\" class=\"elementor-nav-menu\"><li class=\"menu-item menu-item-type-post_type menu-item-object-page menu-item-17810\"><a href=\"https:\/\/popwrist.com\/fr\/watches-blog\/brand-news\/\" class=\"elementor-item menu-link\">NOUVELLES DE LA MARQUE<\/a><\/li>\n<li class=\"menu-item menu-item-type-post_type menu-item-object-page menu-item-17811\"><a href=\"https:\/\/popwrist.com\/fr\/watches-blog\/reviews-guides\/\" class=\"elementor-item menu-link\">REVUES ET GUIDES<\/a><\/li>\n<li class=\"menu-item menu-item-type-post_type menu-item-object-page menu-item-17809\"><a href=\"https:\/\/popwrist.com\/fr\/watches-blog\/watch-knowledge\/\" class=\"elementor-item menu-link\">CONNAISSANCE DES MONTRES<\/a><\/li>\n<li class=\"menu-item menu-item-type-post_type menu-item-object-page menu-item-17808\"><a href=\"https:\/\/popwrist.com\/fr\/watches-blog\/videos\/\" class=\"elementor-item menu-link\">VID\u00c9OS<\/a><\/li>\n<\/ul>\t\t\t<\/nav>\n\t\t\t\t\t<div class=\"elementor-menu-toggle\" role=\"button\" tabindex=\"0\" aria-label=\"Permuter le menu\" aria-expanded=\"false\">\n\t\t\t<i aria-hidden=\"true\" role=\"presentation\" class=\"elementor-menu-toggle__icon--open eicon-menu-bar\"><\/i><i aria-hidden=\"true\" role=\"presentation\" class=\"elementor-menu-toggle__icon--close eicon-close\"><\/i>\t\t<\/div>\n\t\t\t\t\t<nav class=\"elementor-nav-menu--dropdown elementor-nav-menu__container\" aria-hidden=\"true\">\n\t\t\t\t<ul id=\"menu-2-2bd74c6\" class=\"elementor-nav-menu\"><li class=\"menu-item menu-item-type-post_type menu-item-object-page menu-item-17810\"><a href=\"https:\/\/popwrist.com\/fr\/watches-blog\/brand-news\/\" class=\"elementor-item menu-link\" tabindex=\"-1\">NOUVELLES DE LA MARQUE<\/a><\/li>\n<li class=\"menu-item menu-item-type-post_type menu-item-object-page menu-item-17811\"><a href=\"https:\/\/popwrist.com\/fr\/watches-blog\/reviews-guides\/\" class=\"elementor-item menu-link\" tabindex=\"-1\">REVUES ET GUIDES<\/a><\/li>\n<li class=\"menu-item menu-item-type-post_type menu-item-object-page menu-item-17809\"><a href=\"https:\/\/popwrist.com\/fr\/watches-blog\/watch-knowledge\/\" class=\"elementor-item menu-link\" tabindex=\"-1\">CONNAISSANCE DES MONTRES<\/a><\/li>\n<li class=\"menu-item menu-item-type-post_type menu-item-object-page menu-item-17808\"><a href=\"https:\/\/popwrist.com\/fr\/watches-blog\/videos\/\" class=\"elementor-item menu-link\" tabindex=\"-1\">VID\u00c9OS<\/a><\/li>\n<\/ul>\t\t\t<\/nav>\n\t\t\t\t\t\t<\/div>\n\t\t\t\t<\/div>\n\t\t\t\t\t<\/div>\n\t\t\t\t<\/div>\n\t\t<div class=\"elementor-element elementor-element-c829595 e-flex e-con-boxed e-con e-parent\" data-id=\"c829595\" data-element_type=\"container\">\n\t\t\t\t\t<div class=\"e-con-inner\">\n\t\t\t\t<div class=\"elementor-element elementor-element-8b321a4 uael-equal__height-yes uael-post__cta-fullwidth-yes elementor-widget elementor-widget-uael-posts\" data-id=\"8b321a4\" data-element_type=\"widget\" data-settings=\"{&quot;classic_slides_to_show&quot;:3,&quot;classic_slides_to_show_tablet&quot;:2,&quot;classic_slides_to_show_mobile&quot;:1,&quot;classic_pagination_type&quot;:&quot;ajax&quot;}\" data-widget_type=\"uael-posts.classic\">\n\t\t\t\t<div class=\"elementor-widget-container\">\n\t\t\t\t\t\t\t<div class=\"uael-post__header\">\n\t\t\t\t\t<\/div>\n\t\t<div class=\"uael-post__body\">\n\t\t\t\n\t\t\n\t\t<div class=\"uael-blog-terms-position- uael-post-image-background uael-post-grid uael-posts\" data-query-type=\"custom\" data-structure=\"normal\" data-layout=\"\" data-page=\"17802\" data-skin=\"classic\" data-filter-default=\"\" data-offset-top=\"30\" >\n\n\t\t\t\t\t\t\t<div class=\"uael-post-grid__inner uael-post__columns-3 uael-post__columns-tablet-2 uael-post__columns-mobile-1\">\n\t\t\t\n<div class=\"uael-post-wrapper   watch-knowledge\">\n\t<div class=\"uael-post__bg-wrap uael-bg-wrap-disabled\">\n\n\t\t\t\t\n\t\t<div class=\"uael-post__inner-wrap uael-inner-wrap-disabled\">\n\n\t\t\n\t\t\t\n\t\t\t<div class=\"uael-post__content-wrap uael-content-wrap-disabled\">\n\t\t\t\t\t<h3 class=\"uael-post__title\">\n\n\t\t\n\t\t\t\t\t\t<a href=\"https:\/\/popwrist.com\/fr\/how-to-set-the-time-on-the-g-shock-ga-2100\/\" target=\"_self\">\n\t\t\t\tComment r\u00e9gler l'heure sur la G-SHOCK GA-2100\t\t\t<\/a>\n\n\t\t\t\t<\/h3>\n\t\t\t\t\t<div class=\"uael-post__meta-data\">\n\t\t\t\t\t<span class=\"uael-post__date\">\n\t\t\t\t\t\t\t\t\t\t\t\t\t<i aria-hidden=\"true\" class=\"fa fa-calendar\"><\/i>\t\t\t\t\t\t\t\t\t\n\t\t\t18\/04\/2025\t\t<\/span>\n\t\t\t\t<\/div>\n\t\t\n\t\t<div class=\"uael-post__excerpt\">\n\t\t\tComprendre la disposition des boutons Le GA-2100 comporte quatre boutons\uff1a Instructions de r\u00e9glage de l'heure \u00e9tape par \u00e9tape Synchronisation des aiguilles analogiques avec l'heure num\u00e9rique Si les aiguilles analogiques ne ...\t\t<\/div>\n\n\t\t\t\t\t<a class=\"uael-post__read-more elementor-button\" href=\"https:\/\/popwrist.com\/fr\/how-to-set-the-time-on-the-g-shock-ga-2100\/\" target=\"_self\" aria-labelledby=\"uael-post-17955\">\n\t\t\t\t\t<span class=\"elementor-button-content-wrapper\">\n\t\t\t\t\t\t\t\t\t\t\t\t\t\t<span class=\"elementor-button-icon elementor-align-icon-left\">\n\n\t\t\t\t\t\t\t\t\t\n\t\t\t\t\t\t\t\t<\/span>\n\t\t\t\t\t\t\t\t\t\t\t\t\t\n\t\t\t\t\t\t<span class=\"elementor-button-text\" id=\"uael-post-17955\">Lire la suite \u2192<\/span>\n\t\t\t\t\t<\/span>\n\t\t\t\t<\/a>\n\t\t\t\t\t\t<\/div>\n\t\t\t\n\t\t<\/div>\n\t\t\n\t<\/div>\n\n<\/div>\n\t\t\t\t<\/div>\n\t\t\t\t\t\t\n\t\t<\/div>\n\n\t\t\t\t\t\t<\/div>\n\t\t<div class=\"uael-post__footer\">\n\t\t\t\t\t<\/div>\n\t\t\t\t\t\t<\/div>\n\t\t\t\t<\/div>\n\t\t\t\t\t<\/div>\n\t\t\t\t<\/div>\n\t\t\t\t<\/div>","protected":false},"excerpt":{"rendered":"<p>How to Set the Time on the G-SHOCK GA-2100 18\/04\/2025 Understanding the Button Layout The GA-2100 features four buttons\uff1a Step-by-Step [&hellip;]<\/p>","protected":false},"author":1,"featured_media":0,"parent":17549,"menu_order":0,"comment_status":"closed","ping_status":"closed","template":"","meta":{"site-sidebar-layout":"no-sidebar","site-content-layout":"","ast-site-content-layout":"full-width-container","site-content-style":"default","site-sidebar-style":"default","ast-global-header-display":"","ast-banner-title-visibility":"","ast-main-header-display":"","ast-hfb-above-header-display":"","ast-hfb-below-header-display":"","ast-hfb-mobile-header-display":"","site-post-title":"disabled","ast-breadcrumbs-content":"","ast-featured-img":"disabled","footer-sml-layout":"","ast-disable-related-posts":"","theme-transparent-header-meta":"","adv-header-id-meta":"","stick-header-meta":"","header-above-stick-meta":"","header-main-stick-meta":"","header-below-stick-meta":"","astra-migrate-meta-layouts":"default","ast-page-background-enabled":"default","ast-page-background-meta":{"desktop":{"background-color":"var(--ast-global-color-5)","background-image":"","background-repeat":"repeat","background-position":"center center","background-size":"auto","background-attachment":"scroll","background-type":"","background-media":"","overlay-type":"","overlay-color":"","overlay-opacity":"","overlay-gradient":""},"tablet":{"background-color":"","background-image":"","background-repeat":"repeat","background-position":"center center","background-size":"auto","background-attachment":"scroll","background-type":"","background-media":"","overlay-type":"","overlay-color":"","overlay-opacity":"","overlay-gradient":""},"mobile":{"background-color":"","background-image":"","background-repeat":"repeat","background-position":"center center","background-size":"auto","background-attachment":"scroll","background-type":"","background-media":"","overlay-type":"","overlay-color":"","overlay-opacity":"","overlay-gradient":""}},"ast-content-background-meta":{"desktop":{"background-color":"var(--ast-global-color-4)","background-image":"","background-repeat":"repeat","background-position":"center center","background-size":"auto","background-attachment":"scroll","background-type":"","background-media":"","overlay-type":"","overlay-color":"","overlay-opacity":"","overlay-gradient":""},"tablet":{"background-color":"var(--ast-global-color-4)","background-image":"","background-repeat":"repeat","background-position":"center center","background-size":"auto","background-attachment":"scroll","background-type":"","background-media":"","overlay-type":"","overlay-color":"","overlay-opacity":"","overlay-gradient":""},"mobile":{"background-color":"var(--ast-global-color-4)","background-image":"","background-repeat":"repeat","background-position":"center center","background-size":"auto","background-attachment":"scroll","background-type":"","background-media":"","overlay-type":"","overlay-color":"","overlay-opacity":"","overlay-gradient":""}},"footnotes":""},"class_list":["post-17802","page","type-page","status-publish","hentry"],"_links":{"self":[{"href":"https:\/\/popwrist.com\/fr\/wp-json\/wp\/v2\/pages\/17802","targetHints":{"allow":["GET"]}}],"collection":[{"href":"https:\/\/popwrist.com\/fr\/wp-json\/wp\/v2\/pages"}],"about":[{"href":"https:\/\/popwrist.com\/fr\/wp-json\/wp\/v2\/types\/page"}],"author":[{"embeddable":true,"href":"https:\/\/popwrist.com\/fr\/wp-json\/wp\/v2\/users\/1"}],"replies":[{"embeddable":true,"href":"https:\/\/popwrist.com\/fr\/wp-json\/wp\/v2\/comments?post=17802"}],"version-history":[{"count":10,"href":"https:\/\/popwrist.com\/fr\/wp-json\/wp\/v2\/pages\/17802\/revisions"}],"predecessor-version":[{"id":20475,"href":"https:\/\/popwrist.com\/fr\/wp-json\/wp\/v2\/pages\/17802\/revisions\/20475"}],"up":[{"embeddable":true,"href":"https:\/\/popwrist.com\/fr\/wp-json\/wp\/v2\/pages\/17549"}],"wp:attachment":[{"href":"https:\/\/popwrist.com\/fr\/wp-json\/wp\/v2\/media?parent=17802"}],"curies":[{"name":"wp","href":"https:\/\/api.w.org\/{rel}","templated":true}]}}