{"id":61,"date":"2024-06-28T01:33:19","date_gmt":"2024-06-27T17:33:19","guid":{"rendered":"https:\/\/popwrist.com\/?page_id=61"},"modified":"2024-07-22T02:53:30","modified_gmt":"2024-07-21T18:53:30","slug":"privacy-policy","status":"publish","type":"page","link":"https:\/\/popwrist.com\/es\/privacy-policy\/","title":{"rendered":"Pol\u00edtica de privacidad"},"content":{"rendered":"<div data-elementor-type=\"wp-page\" data-elementor-id=\"61\" class=\"elementor elementor-61\" data-elementor-post-type=\"page\">\n\t\t\t\t<div class=\"elementor-element elementor-element-05a4679 e-flex e-con-boxed e-con e-parent\" data-id=\"05a4679\" data-element_type=\"container\">\n\t\t\t\t\t<div class=\"e-con-inner\">\n\t\t\t\t<div class=\"elementor-element elementor-element-cbb3e32 elementor-widget elementor-widget-heading\" data-id=\"cbb3e32\" data-element_type=\"widget\" data-widget_type=\"heading.default\">\n\t\t\t\t<div class=\"elementor-widget-container\">\n\t\t\t\t\t<h1 class=\"elementor-heading-title elementor-size-default\">Pol\u00edtica de privacidad<\/h1>\t\t\t\t<\/div>\n\t\t\t\t<\/div>\n\t\t\t\t<div class=\"elementor-element elementor-element-11fa136 elementor-widget elementor-widget-text-editor\" data-id=\"11fa136\" data-element_type=\"widget\" data-widget_type=\"text-editor.default\">\n\t\t\t\t<div class=\"elementor-widget-container\">\n\t\t\t\t\t\t\t\t\t<h3 data-dl-uid=\"371\" data-dl-original=\"true\" data-dl-translated=\"false\">Pol\u00edtica de privacidad de POPwrist.com<\/h3><p data-dl-uid=\"372\" data-dl-original=\"true\" data-dl-translated=\"false\"><strong data-dl-uid=\"373\" data-dl-original=\"true\" data-dl-translated=\"false\">Fecha de entrada en vigor:<\/strong> 16\/03\/2023<\/p><p data-dl-uid=\"374\" data-dl-original=\"true\" data-dl-translated=\"false\">En POPwrist.com, nos comprometemos a proteger su privacidad. Esta Pol\u00edtica de privacidad explica c\u00f3mo recopilamos, utilizamos y protegemos su informaci\u00f3n personal cuando visita nuestro sitio web o compra nuestros productos.<\/p><h3 data-dl-uid=\"375\" data-dl-original=\"true\" data-dl-translated=\"false\"><strong data-dl-uid=\"376\" data-dl-original=\"true\" data-dl-translated=\"false\">1. Informaci\u00f3n que recopilamos<\/strong><\/h3><p data-dl-uid=\"377\" data-dl-original=\"true\" data-dl-translated=\"false\"><strong data-dl-uid=\"378\" data-dl-original=\"true\" data-dl-translated=\"false\">1.1 Informaci\u00f3n personal:<\/strong><\/p><ul><li data-dl-uid=\"379\" data-dl-original=\"true\" data-dl-translated=\"false\"><strong data-dl-uid=\"380\" data-dl-original=\"true\" data-dl-translated=\"false\">Datos de contacto:<\/strong> Nombre, direcci\u00f3n de correo electr\u00f3nico, n\u00famero de tel\u00e9fono y direcci\u00f3n de env\u00edo.<\/li><li data-dl-uid=\"381\" data-dl-original=\"true\" data-dl-translated=\"false\"><strong data-dl-uid=\"382\" data-dl-original=\"true\" data-dl-translated=\"false\">Informaci\u00f3n sobre el pago:<\/strong> Datos de la tarjeta de cr\u00e9dito y otra informaci\u00f3n de pago procesada por procesadores de pago externos. No almacenamos sus datos de pago.<\/li><li data-dl-uid=\"383\" data-dl-original=\"true\" data-dl-translated=\"false\"><strong data-dl-uid=\"384\" data-dl-original=\"true\" data-dl-translated=\"false\">Informaci\u00f3n sobre la cuenta:<\/strong> Nombre de usuario y contrase\u00f1a al crear una cuenta en nuestro sitio web.<\/li><\/ul><p data-dl-uid=\"385\" data-dl-original=\"true\" data-dl-translated=\"false\"><strong data-dl-uid=\"386\" data-dl-original=\"true\" data-dl-translated=\"false\">1.2 Informaci\u00f3n no personal:<\/strong><\/p><ul><li data-dl-uid=\"387\" data-dl-original=\"true\" data-dl-translated=\"false\"><strong data-dl-uid=\"388\" data-dl-original=\"true\" data-dl-translated=\"false\">Informaci\u00f3n de navegaci\u00f3n:<\/strong> Direcci\u00f3n IP, tipo de navegador, sistema operativo, URL de referencia y comportamiento de navegaci\u00f3n en nuestro sitio.<\/li><li data-dl-uid=\"389\" data-dl-original=\"true\" data-dl-translated=\"false\"><strong data-dl-uid=\"390\" data-dl-original=\"true\" data-dl-translated=\"false\">Galletas:<\/strong> Peque\u00f1os archivos de datos almacenados en su dispositivo para mejorar su experiencia de navegaci\u00f3n y realizar un seguimiento del uso del sitio web.<\/li><\/ul><h3 data-dl-uid=\"391\" data-dl-original=\"true\" data-dl-translated=\"false\"><strong data-dl-uid=\"392\" data-dl-original=\"true\" data-dl-translated=\"false\">2. C\u00f3mo utilizamos su informaci\u00f3n<\/strong><\/h3><p data-dl-uid=\"393\" data-dl-original=\"true\" data-dl-translated=\"false\"><strong data-dl-uid=\"394\" data-dl-original=\"true\" data-dl-translated=\"false\">2.1 Proporcionar y mejorar nuestros servicios:<\/strong><\/p><ul><li data-dl-uid=\"395\" data-dl-original=\"true\" data-dl-translated=\"false\">Tramitar y satisfacer sus pedidos.<\/li><li data-dl-uid=\"396\" data-dl-original=\"true\" data-dl-translated=\"false\">Responder a sus consultas y prestar asistencia al cliente.<\/li><li data-dl-uid=\"397\" data-dl-original=\"true\" data-dl-translated=\"false\">Personalizar su experiencia de compra y mejorar la funcionalidad de nuestro sitio web.<\/li><\/ul><p data-dl-uid=\"398\" data-dl-original=\"true\" data-dl-translated=\"false\"><strong data-dl-uid=\"399\" data-dl-original=\"true\" data-dl-translated=\"false\">2.2 Marketing y comunicaci\u00f3n:<\/strong><\/p><ul><li data-dl-uid=\"400\" data-dl-original=\"true\" data-dl-translated=\"false\">Enviar correos electr\u00f3nicos promocionales, boletines y actualizaciones sobre nuestros productos y servicios. Puede darse de baja en cualquier momento.<\/li><li data-dl-uid=\"401\" data-dl-original=\"true\" data-dl-translated=\"false\">Realizar encuestas y recabar opiniones para mejorar nuestra oferta.<\/li><\/ul><p data-dl-uid=\"402\" data-dl-original=\"true\" data-dl-translated=\"false\"><strong data-dl-uid=\"403\" data-dl-original=\"true\" data-dl-translated=\"false\">2.3 Aspectos legales y de cumplimiento:<\/strong><\/p><ul><li data-dl-uid=\"404\" data-dl-original=\"true\" data-dl-translated=\"false\">Cumplir con las obligaciones legales y proteger nuestros derechos.<\/li><li data-dl-uid=\"405\" data-dl-original=\"true\" data-dl-translated=\"false\">Prevenir el fraude y garantizar la seguridad de nuestro sitio web.<\/li><\/ul><h3 data-dl-uid=\"406\" data-dl-original=\"true\" data-dl-translated=\"false\"><strong data-dl-translated=\"false\">3. Compartir su informaci\u00f3n<\/strong><\/h3><p data-dl-uid=\"407\" data-dl-original=\"true\" data-dl-translated=\"false\"><strong data-dl-uid=\"408\" data-dl-original=\"true\" data-dl-translated=\"false\">3.1 Terceros proveedores de servicios:<\/strong> Podemos compartir su informaci\u00f3n con terceros proveedores de servicios que nos ayudan con:<\/p><ul><li data-dl-uid=\"409\" data-dl-original=\"true\" data-dl-translated=\"false\">Procesamiento de pagos<\/li><li data-dl-uid=\"410\" data-dl-original=\"true\" data-dl-translated=\"false\">Cumplimiento de pedidos<\/li><li data-dl-uid=\"411\" data-dl-original=\"true\" data-dl-translated=\"false\">Marketing y an\u00e1lisis<\/li><li data-dl-uid=\"412\" data-dl-original=\"true\" data-dl-translated=\"false\">Alojamiento y mantenimiento de sitios web<\/li><\/ul><p data-dl-uid=\"413\" data-dl-original=\"true\" data-dl-translated=\"false\"><strong data-dl-uid=\"414\" data-dl-original=\"true\" data-dl-translated=\"false\">3.2 Requisitos legales:<\/strong> Podemos revelar su informaci\u00f3n si as\u00ed lo exige la ley o en respuesta a requerimientos legales, como citaciones u \u00f3rdenes judiciales.<\/p><h3 data-dl-uid=\"415\" data-dl-original=\"true\" data-dl-translated=\"false\"><strong data-dl-uid=\"416\" data-dl-original=\"true\" data-dl-translated=\"false\">4. Transferencias internacionales de datos<\/strong><\/h3><p data-dl-uid=\"417\" data-dl-original=\"true\" data-dl-translated=\"false\">Dado que nuestros clientes objetivo se encuentran en Europa y Norteam\u00e9rica, su informaci\u00f3n puede ser transferida y procesada en pa\u00edses fuera del suyo. Nos aseguramos de que sus datos est\u00e9n protegidos de acuerdo con la legislaci\u00f3n aplicable, incluido el GDPR para los usuarios europeos.<\/p><h3 data-dl-uid=\"418\" data-dl-original=\"true\" data-dl-translated=\"false\"><strong data-dl-uid=\"419\" data-dl-original=\"true\" data-dl-translated=\"false\">5. 5. Seguridad de los datos<\/strong><\/h3><p data-dl-uid=\"420\" data-dl-original=\"true\" data-dl-translated=\"false\">Aplicamos las medidas t\u00e9cnicas y organizativas adecuadas para proteger sus datos personales contra el acceso no autorizado, la alteraci\u00f3n, la divulgaci\u00f3n o la destrucci\u00f3n. Estas medidas incluyen el cifrado, controles de acceso y auditor\u00edas peri\u00f3dicas de seguridad.<\/p><h3 data-dl-uid=\"421\" data-dl-original=\"true\" data-dl-translated=\"false\"><strong data-dl-uid=\"422\" data-dl-original=\"true\" data-dl-translated=\"false\">6. Conservaci\u00f3n de datos<\/strong><\/h3><p data-dl-uid=\"423\" data-dl-original=\"true\" data-dl-translated=\"false\">Conservamos su informaci\u00f3n personal s\u00f3lo durante el tiempo necesario para cumplir los fines para los que la recopilamos, incluido el cumplimiento de requisitos legales, contables o de informaci\u00f3n.<\/p><h3 data-dl-uid=\"424\" data-dl-original=\"true\" data-dl-translated=\"false\"><strong data-dl-uid=\"425\" data-dl-original=\"true\" data-dl-translated=\"false\">7. Sus derechos<\/strong><\/h3><p data-dl-uid=\"426\" data-dl-original=\"true\" data-dl-translated=\"false\"><strong data-dl-uid=\"427\" data-dl-original=\"true\" data-dl-translated=\"false\">7.1 Usuarios europeos:<\/strong><\/p><ul><li data-dl-uid=\"428\" data-dl-original=\"true\" data-dl-translated=\"false\"><strong data-dl-uid=\"429\" data-dl-original=\"true\" data-dl-translated=\"false\">Acceso:<\/strong> Solicitar una copia de sus datos personales.<\/li><li data-dl-uid=\"430\" data-dl-original=\"true\" data-dl-translated=\"false\"><strong data-dl-uid=\"431\" data-dl-original=\"true\" data-dl-translated=\"false\">Correcci\u00f3n:<\/strong> Corrija los datos inexactos o incompletos.<\/li><li data-dl-uid=\"432\" data-dl-original=\"true\" data-dl-translated=\"false\"><strong data-dl-uid=\"433\" data-dl-original=\"true\" data-dl-translated=\"false\">Supresi\u00f3n:<\/strong> Solicitar la supresi\u00f3n de sus datos personales.<\/li><li data-dl-uid=\"434\" data-dl-original=\"true\" data-dl-translated=\"false\"><strong data-dl-uid=\"435\" data-dl-original=\"true\" data-dl-translated=\"false\">Restricci\u00f3n:<\/strong> Restringir el tratamiento de sus datos en determinadas condiciones.<\/li><li data-dl-uid=\"436\" data-dl-original=\"true\" data-dl-translated=\"false\"><strong data-dl-translated=\"false\">Portabilidad:<\/strong> Solicitar la transferencia de sus datos a otra organizaci\u00f3n.<\/li><\/ul><p data-dl-uid=\"437\" data-dl-original=\"true\" data-dl-translated=\"false\"><strong data-dl-uid=\"438\" data-dl-original=\"true\" data-dl-translated=\"false\">7.2 Usuarios norteamericanos:<\/strong><\/p><ul><li data-dl-uid=\"439\" data-dl-original=\"true\" data-dl-translated=\"false\"><strong data-dl-uid=\"440\" data-dl-original=\"true\" data-dl-translated=\"false\">Acceso y correcci\u00f3n:<\/strong> Derechos similares de acceso y rectificaci\u00f3n de sus datos.<\/li><li data-dl-uid=\"441\" data-dl-original=\"true\" data-dl-translated=\"false\"><strong data-dl-uid=\"442\" data-dl-original=\"true\" data-dl-translated=\"false\">Exclusi\u00f3n voluntaria:<\/strong> Exclusi\u00f3n voluntaria de comunicaciones comerciales.<\/li><\/ul><p data-dl-uid=\"443\" data-dl-original=\"true\" data-dl-translated=\"false\">Para ejercer cualquiera de estos derechos, p\u00f3ngase en contacto con nosotros en <a rel=\"noreferrer\" data-dl-translated=\"false\">customer@popwrist.com<\/a>.<\/p><h3 data-dl-uid=\"444\" data-dl-original=\"true\" data-dl-translated=\"false\"><strong data-dl-uid=\"445\" data-dl-original=\"true\" data-dl-translated=\"false\">8. Cookies y tecnolog\u00edas de seguimiento<\/strong><\/h3><p data-dl-uid=\"446\" data-dl-original=\"true\" data-dl-translated=\"false\">Utilizamos cookies y tecnolog\u00edas similares para recopilar y rastrear informaci\u00f3n sobre su comportamiento de navegaci\u00f3n. Puede gestionar sus preferencias de cookies a trav\u00e9s de la configuraci\u00f3n de su navegador.<\/p><h3 data-dl-uid=\"447\" data-dl-original=\"true\" data-dl-translated=\"false\"><strong data-dl-uid=\"448\" data-dl-original=\"true\" data-dl-translated=\"false\">9. Privacidad infantil<\/strong><\/h3><p data-dl-uid=\"449\" data-dl-original=\"true\" data-dl-translated=\"false\">Nuestro sitio web no est\u00e1 destinado a ni\u00f1os menores de 13 a\u00f1os. No recopilamos conscientemente informaci\u00f3n personal de ni\u00f1os menores de 13 a\u00f1os. Si nos damos cuenta de que hemos recibido inadvertidamente informaci\u00f3n personal de un ni\u00f1o menor de 13 a\u00f1os, eliminaremos dicha informaci\u00f3n de nuestros registros.<\/p><h3 data-dl-uid=\"450\" data-dl-original=\"true\" data-dl-translated=\"false\"><strong data-dl-uid=\"451\" data-dl-original=\"true\" data-dl-translated=\"false\">10. Cambios en esta pol\u00edtica de privacidad<\/strong><\/h3><p data-dl-uid=\"452\" data-dl-original=\"true\" data-dl-translated=\"false\">Podemos actualizar esta Pol\u00edtica de Privacidad de vez en cuando. Cualquier cambio se publicar\u00e1 en esta p\u00e1gina con una fecha de entrada en vigor actualizada.<\/p><h3 data-dl-uid=\"453\" data-dl-original=\"true\" data-dl-translated=\"false\"><strong data-dl-uid=\"454\" data-dl-original=\"true\" data-dl-translated=\"false\">11. Contacto<\/strong><\/h3><p data-dl-uid=\"455\" data-dl-original=\"true\" data-dl-translated=\"false\">Si tiene alguna pregunta o duda sobre esta Pol\u00edtica de Privacidad o nuestras pr\u00e1cticas de datos, p\u00f3ngase en contacto con nosotros en:<\/p><p data-dl-uid=\"456\" data-dl-original=\"true\" data-dl-translated=\"false\">Correo electr\u00f3nico: <a rel=\"noreferrer\" data-dl-uid=\"457\" data-dl-original=\"true\" data-dl-translated=\"false\">customer@popwrist.com<\/a><br data-dl-uid=\"458\" data-dl-original=\"true\" data-dl-translated=\"false\" \/>Direcci\u00f3n: Habitaci\u00f3n 1207, edificio Jinhai'an, n\u00ba 9 de Chuangye Road, distrito de Nanshan, Shenzhen, China<\/p><p data-dl-uid=\"459\" data-dl-original=\"true\" data-dl-translated=\"false\">Gracias por confiar sus datos personales a POPwrist.com. Nos comprometemos a proteger su privacidad y a garantizarle una experiencia de compra segura.<\/p>\t\t\t\t\t\t\t\t<\/div>\n\t\t\t\t<\/div>\n\t\t\t\t\t<\/div>\n\t\t\t\t<\/div>\n\t\t\t\t<\/div>","protected":false},"excerpt":{"rendered":"<p>Privacy Policy Privacy Policy for POPwrist.com Effective Date: 16\/03\/2023 At POPwrist.com, we are committed to protecting your privacy. This Privacy [&hellip;]<\/p>","protected":false},"author":1,"featured_media":0,"parent":0,"menu_order":0,"comment_status":"closed","ping_status":"closed","template":"","meta":{"site-sidebar-layout":"no-sidebar","site-content-layout":"","ast-site-content-layout":"full-width-container","site-content-style":"default","site-sidebar-style":"default","ast-global-header-display":"","ast-banner-title-visibility":"","ast-main-header-display":"","ast-hfb-above-header-display":"","ast-hfb-below-header-display":"","ast-hfb-mobile-header-display":"","site-post-title":"disabled","ast-breadcrumbs-content":"","ast-featured-img":"disabled","footer-sml-layout":"","ast-disable-related-posts":"","theme-transparent-header-meta":"","adv-header-id-meta":"","stick-header-meta":"","header-above-stick-meta":"","header-main-stick-meta":"","header-below-stick-meta":"","astra-migrate-meta-layouts":"default","ast-page-background-enabled":"default","ast-page-background-meta":{"desktop":{"background-color":"var(--ast-global-color-5)","background-image":"","background-repeat":"repeat","background-position":"center center","background-size":"auto","background-attachment":"scroll","background-type":"","background-media":"","overlay-type":"","overlay-color":"","overlay-opacity":"","overlay-gradient":""},"tablet":{"background-color":"","background-image":"","background-repeat":"repeat","background-position":"center center","background-size":"auto","background-attachment":"scroll","background-type":"","background-media":"","overlay-type":"","overlay-color":"","overlay-opacity":"","overlay-gradient":""},"mobile":{"background-color":"","background-image":"","background-repeat":"repeat","background-position":"center center","background-size":"auto","background-attachment":"scroll","background-type":"","background-media":"","overlay-type":"","overlay-color":"","overlay-opacity":"","overlay-gradient":""}},"ast-content-background-meta":{"desktop":{"background-color":"var(--ast-global-color-4)","background-image":"","background-repeat":"repeat","background-position":"center center","background-size":"auto","background-attachment":"scroll","background-type":"","background-media":"","overlay-type":"","overlay-color":"","overlay-opacity":"","overlay-gradient":""},"tablet":{"background-color":"var(--ast-global-color-4)","background-image":"","background-repeat":"repeat","background-position":"center center","background-size":"auto","background-attachment":"scroll","background-type":"","background-media":"","overlay-type":"","overlay-color":"","overlay-opacity":"","overlay-gradient":""},"mobile":{"background-color":"var(--ast-global-color-4)","background-image":"","background-repeat":"repeat","background-position":"center center","background-size":"auto","background-attachment":"scroll","background-type":"","background-media":"","overlay-type":"","overlay-color":"","overlay-opacity":"","overlay-gradient":""}},"footnotes":""},"class_list":["post-61","page","type-page","status-publish","hentry"],"_links":{"self":[{"href":"https:\/\/popwrist.com\/es\/wp-json\/wp\/v2\/pages\/61","targetHints":{"allow":["GET"]}}],"collection":[{"href":"https:\/\/popwrist.com\/es\/wp-json\/wp\/v2\/pages"}],"about":[{"href":"https:\/\/popwrist.com\/es\/wp-json\/wp\/v2\/types\/page"}],"author":[{"embeddable":true,"href":"https:\/\/popwrist.com\/es\/wp-json\/wp\/v2\/users\/1"}],"replies":[{"embeddable":true,"href":"https:\/\/popwrist.com\/es\/wp-json\/wp\/v2\/comments?post=61"}],"version-history":[{"count":20,"href":"https:\/\/popwrist.com\/es\/wp-json\/wp\/v2\/pages\/61\/revisions"}],"predecessor-version":[{"id":19992,"href":"https:\/\/popwrist.com\/es\/wp-json\/wp\/v2\/pages\/61\/revisions\/19992"}],"wp:attachment":[{"href":"https:\/\/popwrist.com\/es\/wp-json\/wp\/v2\/media?parent=61"}],"curies":[{"name":"wp","href":"https:\/\/api.w.org\/{rel}","templated":true}]}}