{"id":59,"date":"2024-06-28T01:32:59","date_gmt":"2024-06-27T17:32:59","guid":{"rendered":"https:\/\/popwrist.com\/?page_id=59"},"modified":"2025-09-30T06:42:28","modified_gmt":"2025-09-29T22:42:28","slug":"terms-of-service","status":"publish","type":"page","link":"https:\/\/popwrist.com\/es\/terms-of-service\/","title":{"rendered":"Condiciones de uso"},"content":{"rendered":"<div data-elementor-type=\"wp-page\" data-elementor-id=\"59\" class=\"elementor elementor-59\" data-elementor-post-type=\"page\">\n\t\t\t\t<div class=\"elementor-element elementor-element-4c30143 e-flex e-con-boxed e-con e-parent\" data-id=\"4c30143\" data-element_type=\"container\">\n\t\t\t\t\t<div class=\"e-con-inner\">\n\t\t\t\t<div class=\"elementor-element elementor-element-cbcce7f elementor-widget elementor-widget-heading\" data-id=\"cbcce7f\" data-element_type=\"widget\" data-widget_type=\"heading.default\">\n\t\t\t\t<div class=\"elementor-widget-container\">\n\t\t\t\t\t<h1 class=\"elementor-heading-title elementor-size-default\">Condiciones de uso<\/h1>\t\t\t\t<\/div>\n\t\t\t\t<\/div>\n\t\t\t\t<div class=\"elementor-element elementor-element-fd6cad6 elementor-widget elementor-widget-text-editor\" data-id=\"fd6cad6\" data-element_type=\"widget\" data-widget_type=\"text-editor.default\">\n\t\t\t\t<div class=\"elementor-widget-container\">\n\t\t\t\t\t\t\t\t\t<p data-start=\"190\" data-end=\"218\"><strong data-start=\"190\" data-end=\"207\">\u00daltima actualizaci\u00f3n:<\/strong> 2025-08-30<\/p><p data-start=\"220\" data-end=\"562\">Bienvenido a POPwrist. Estas Condiciones de servicio (\"<strong data-start=\"266\" data-end=\"275\">T\u00e9rminos<\/strong>\") rigen el uso de nuestro sitio web ubicado en <strong data-start=\"320\" data-end=\"336\">popwrist.com<\/strong> (el \"<strong data-start=\"343\" data-end=\"351\">P\u00e1gina web<\/strong>\") y cualquier servicio prestado por POPwrist (\"<strong data-start=\"394\" data-end=\"406\">POPwrist<\/strong>,\" \"<strong data-start=\"410\" data-end=\"416\">nosotros<\/strong>,\" \"<strong data-start=\"420\" data-end=\"426\">us<\/strong>o \"<strong data-start=\"433\" data-end=\"440\">nuestra<\/strong>\"). Al acceder o utilizar el Sitio, usted acepta quedar vinculado por estas Condiciones. Si no est\u00e1 de acuerdo, no utilice el Sitio.<\/p><p data-start=\"564\" data-end=\"664\">Estas Condiciones no afectan a ning\u00fan derecho obligatorio del consumidor aplicable en su pa\u00eds de residencia.<\/p><hr data-start=\"666\" data-end=\"669\" \/><h2 data-start=\"671\" data-end=\"695\">1. 1. Condiciones generales<\/h2><p data-start=\"696\" data-end=\"1098\">Podemos, de conformidad con la legislaci\u00f3n aplicable, denegar o cancelar el servicio en cualquier momento (por ejemplo, para la prevenci\u00f3n del fraude, el uso indebido o el control de riesgos). Usted entiende que el contenido no incluido en la tarjeta que env\u00ede puede transferirse sin cifrar a trav\u00e9s de redes y adaptarse a los requisitos t\u00e9cnicos de las redes o dispositivos de conexi\u00f3n. <strong data-start=\"999\" data-end=\"1056\">Los datos de las tarjetas son procesados por proveedores que cumplen la norma PCI DSS<\/strong> y no se almacena \u00edntegramente en nuestros servidores.<\/p><h2 data-start=\"1100\" data-end=\"1159\">2. Exactitud, integridad y puntualidad de la informaci\u00f3n<\/h2><p data-start=\"1160\" data-end=\"1383\">La informaci\u00f3n contenida en el Sitio se facilita \u00fanicamente con fines generales. No nos hacemos responsables si la informaci\u00f3n del Sitio no es exacta, completa o actual. La confianza depositada en ella corre por su cuenta y riesgo; consulte fuentes primarias cuando sea necesario.<\/p><h2 data-start=\"1385\" data-end=\"1424\">3. Precios, pedidos y disponibilidad<\/h2><p data-start=\"1425\" data-end=\"2257\">3.1 Precios y modificaciones. Los precios pueden cambiar sin previo aviso.<br data-start=\"1486\" data-end=\"1489\" \/>3.2 Oferta y aceptaci\u00f3n. La realizaci\u00f3n de un pedido es su oferta de compra. El contrato s\u00f3lo se perfecciona cuando lo aceptamos (por ejemplo, mediante el env\u00edo de una confirmaci\u00f3n de pedido o un aviso de env\u00edo).<br data-start=\"1668\" data-end=\"1671\" \/>3.3 Plazos de pago. El cargo en su tarjeta\/PayPal se realiza en el momento de pagar. Algunos bancos pueden mostrar una retenci\u00f3n de autorizaci\u00f3n temporal que se borra autom\u00e1ticamente.<br data-start=\"1821\" data-end=\"1824\" \/>3.4 L\u00edmites y cancelaciones. Podemos limitar o cancelar pedidos por persona, hogar, cuenta, tarjeta o direcci\u00f3n. Si modificamos o cancelamos un pedido, se lo notificaremos a trav\u00e9s del correo electr\u00f3nico y\/o el tel\u00e9fono facilitados al realizar el pago.<br data-start=\"2038\" data-end=\"2041\" \/>3.5 Errores evidentes. Nos reservamos el derecho a corregir errores evidentes (por ejemplo, errores de precio, descripci\u00f3n o disponibilidad). Si un error se corrige despu\u00e9s del pago, lo cancelaremos y le reembolsaremos el importe \u00edntegro sin demora.<\/p><h2 data-start=\"2259\" data-end=\"2284\">4. Productos y colores<\/h2><p data-start=\"2285\" data-end=\"2540\">Algunos productos o servicios pueden estar disponibles exclusivamente en l\u00ednea y en cantidades limitadas. Intentamos mostrar los colores y las im\u00e1genes con precisi\u00f3n, pero no podemos garantizar que la pantalla de su dispositivo sea exacta. Las devoluciones se rigen por nuestro <a href=\"https:\/\/popwrist.com\/es\/return-refund\/\"><strong data-start=\"2511\" data-end=\"2539\">Pol\u00edtica de devoluciones y reembolsos<\/strong><\/a>.<\/p><h2 data-start=\"2542\" data-end=\"2581\">5. Env\u00edo, impuestos y riesgo de p\u00e9rdida<\/h2><p data-start=\"2582\" data-end=\"3369\">5.1 <strong data-start=\"2586\" data-end=\"2600\">Estimaciones.<\/strong> Los plazos de entrega indicados son estimaciones y pueden verse afectados por aduanas, operaciones del transportista, condiciones meteorol\u00f3gicas u otros acontecimientos ajenos a nuestra voluntad.<br data-start=\"2732\" data-end=\"2735\" \/>5.2 <strong data-start=\"2739\" data-end=\"2747\">DDP.<\/strong> Para la mayor\u00eda de los destinos, los env\u00edos se realizan <strong data-start=\"2783\" data-end=\"2812\">Entregado derechos pagados (DDP)<\/strong> base-<strong data-start=\"2819\" data-end=\"2889\">se incluyen el IVA y los aranceles de importaci\u00f3n, as\u00ed como los gastos est\u00e1ndar de despacho de aduanas<\/strong> en el precio al pagar. Las autoridades locales pueden solicitar <strong data-start=\"2946\" data-end=\"2967\">informaci\u00f3n b\u00e1sica<\/strong> (por ejemplo, el n\u00famero de identificaci\u00f3n o una breve confirmaci\u00f3n) para completar el despacho; no se trata de una tasa adicional.<br data-start=\"3058\" data-end=\"3061\" \/>5.3 <strong data-start=\"3065\" data-end=\"3084\">Riesgo y t\u00edtulo.<\/strong> El riesgo de p\u00e9rdida y la titularidad se transfieren <strong data-start=\"3118\" data-end=\"3154\">entrega en la direcci\u00f3n de env\u00edo<\/strong> que figura en el comprobante de entrega del transportista.<br data-start=\"3196\" data-end=\"3199\" \/>5.4 <strong data-start=\"3203\" data-end=\"3232\">No entregado\/reenviado.<\/strong> No nos hacemos responsables de p\u00e9rdidas o da\u00f1os tras la entrega a transitarios o debidos a direcciones incompletas\/incorrectas facilitadas por usted.<\/p><h2 data-start=\"3371\" data-end=\"3420\">6. Exactitud de la informaci\u00f3n sobre facturaci\u00f3n y cuentas<\/h2><p data-start=\"3421\" data-end=\"3640\">Usted se compromete a proporcionar informaci\u00f3n actual, completa y precisa sobre la compra y la cuenta, y a actualizarla puntualmente (correo electr\u00f3nico, datos de facturaci\u00f3n, caducidad de la tarjeta, etc.) para que podamos completar las transacciones y ponernos en contacto con usted cuando sea necesario.<\/p><h2 data-start=\"3642\" data-end=\"3679\">7. Enlaces y materiales de terceros<\/h2><p data-start=\"3680\" data-end=\"3882\">El Sitio puede contener enlaces a sitios web o materiales de terceros. No somos responsables de examinar o evaluar dicho contenido y no asumimos responsabilidad alguna por materiales, productos o servicios de terceros.<\/p><h2 data-start=\"3884\" data-end=\"3929\">8. Comentarios, rese\u00f1as y propuestas de los usuarios<\/h2><p data-start=\"399\" data-end=\"956\">Si env\u00eda rese\u00f1as, comentarios, fotos u otros materiales (\"Env\u00edos\"), concede a POPwrist una licencia no exclusiva, mundial, libre de regal\u00edas, perpetua y transferible para utilizar, reproducir, adaptar, traducir, publicar, distribuir, mostrar p\u00fablicamente y crear trabajos derivados de los Env\u00edos en cualquier medio para fines de marketing, atenci\u00f3n al cliente, mejora de productos\/servicios y otros fines comerciales l\u00edcitos. Tambi\u00e9n nos permite sublicenciar estos derechos a nuestros proveedores de servicios (por ejemplo, alojamiento, an\u00e1lisis, publicidad, env\u00edo de correo electr\u00f3nico).<\/p><p data-start=\"958\" data-end=\"1285\">Usted declara y garantiza que posee o controla todos los derechos sobre sus env\u00edos, que no infringen derechos de terceros, que no contienen informaci\u00f3n confidencial y que no incluyen datos personales de terceros sin su consentimiento. Los env\u00edos pueden ser visibles p\u00fablicamente; por favor, no incluya informaci\u00f3n sensible.<\/p><p data-start=\"1287\" data-end=\"1706\">Podemos moderar, editar, rechazar o eliminar Env\u00edos a nuestra discreci\u00f3n (por ejemplo, contenido ilegal, infractor, enga\u00f1oso, obsceno, spam o fuera de tema), y no tenemos ninguna obligaci\u00f3n de utilizar, alojar o devolver ning\u00fan Env\u00edo. No ofrecemos compensaci\u00f3n alguna por los env\u00edos. Podemos mostrar su nombre de pila o nombre de usuario con su comentario y podemos ponernos en contacto con usted para verificar los detalles de la compra o aclarar sus comentarios.<\/p><p data-start=\"1708\" data-end=\"1929\">Si su propuesta es un patrocinio o ha recibido una contraprestaci\u00f3n (por ejemplo, un descuento o una muestra gratuita), debe indicarlo claramente tal y como exigen las leyes y normas publicitarias aplicables (por ejemplo, las gu\u00edas de patrocinio de la FTC).<\/p><p data-start=\"1931\" data-end=\"2224\">Usted puede solicitar la eliminaci\u00f3n de su env\u00edo expuesto p\u00fablicamente; lo retiraremos de la exposici\u00f3n activa siempre que sea posible, pero las copias en cach\u00e9 o de seguridad pueden persistir durante un per\u00edodo razonable. Los datos personales se procesan de acuerdo con nuestra <strong data-start=\"2165\" data-end=\"2223\"><a class=\"decorated-link\" href=\"https:\/\/popwrist.com\/es\/privacy-policy\/\" target=\"_new\" rel=\"noopener\" data-start=\"2167\" data-end=\"2221\">Pol\u00edtica de privacidad<\/a><\/strong><\/p><h2 data-start=\"4460\" data-end=\"4498\">9. Informaci\u00f3n personal y privacidad<\/h2><p data-start=\"183\" data-end=\"452\">El env\u00edo de informaci\u00f3n personal a trav\u00e9s del Sitio se rige por nuestra Pol\u00edtica de Privacidad y Pol\u00edtica de Cookies. Tambi\u00e9n puede gestionar las cookies en la configuraci\u00f3n de su navegador. Para solicitudes de privacidad (acceso, eliminaci\u00f3n, correcci\u00f3n o exclusi\u00f3n de marketing), p\u00f3ngase en contacto con <a class=\"decorated-link cursor-pointer\" rel=\"noopener\" data-start=\"430\" data-end=\"451\">customer@popwrist.com<\/a>.<\/p><ul data-start=\"454\" data-end=\"563\"><li data-start=\"454\" data-end=\"510\"><p data-start=\"456\" data-end=\"510\">Pol\u00edtica de privacidad: <a class=\"decorated-link\" href=\"https:\/\/popwrist.com\/es\/privacy-policy\/\" target=\"_new\" rel=\"noopener\" data-start=\"472\" data-end=\"508\">https:\/\/popwrist.com\/privacy-policy\/<\/a><\/p><\/li><li data-start=\"511\" data-end=\"563\"><p data-start=\"513\" data-end=\"563\">Pol\u00edtica de cookies: <a class=\"decorated-link\" href=\"https:\/\/popwrist.com\/es\/cookie-policy\/\" target=\"_new\" rel=\"noopener\" data-start=\"528\" data-end=\"563\">https:\/\/popwrist.com\/cookie-policy\/<\/a><\/p><\/li><\/ul><h2 data-start=\"4764\" data-end=\"4806\">10. Errores, imprecisiones y omisiones<\/h2><p data-start=\"4807\" data-end=\"5178\">La informaci\u00f3n contenida en el Servicio puede contener errores tipogr\u00e1ficos, inexactitudes u omisiones (incluyendo descripciones de productos, precios, promociones, gastos de env\u00edo, tiempos de tr\u00e1nsito y disponibilidad). Podemos corregir, cambiar o actualizar la informaci\u00f3n o cancelar pedidos si alguna informaci\u00f3n es inexacta, en cualquier momento sin previo aviso, incluso despu\u00e9s de que usted haya enviado su pedido.<\/p><h2 data-start=\"5180\" data-end=\"5202\">11. Usos prohibidos<\/h2><p data-start=\"5203\" data-end=\"5641\">Usted se compromete a no utilizar el Sitio o su contenido para fines il\u00edcitos; infringir los derechos de propiedad intelectual; acosar, abusar, difamar o discriminar; enviar informaci\u00f3n falsa o enga\u00f1osa; introducir malware o interferir con las funciones de seguridad; recopilar informaci\u00f3n personal de terceros; enviar spam, phishing, pharm, pretexto, spider, crawl o scrape; o para cualquier fin obsceno o inmoral. Podemos cancelar el acceso por usos prohibidos.<\/p><h2 data-start=\"5643\" data-end=\"5704\">12. Devoluciones, reembolsos y garant\u00eda (resumen; consulte las pol\u00edticas)<\/h2><p data-start=\"274\" data-end=\"567\">Las devoluciones se rigen por nuestra Pol\u00edtica de devoluciones y reembolsos (plazo de 30 d\u00edas desde la entrega; devoluciones por cambio de opini\u00f3n: el cliente paga los gastos de env\u00edo; reembolsos al m\u00e9todo de pago original; se requiere RMA antes de devolver cualquier art\u00edculo).<br data-start=\"506\" data-end=\"509\" \/>Devoluciones y reembolsos: <a class=\"decorated-link\" href=\"https:\/\/popwrist.com\/es\/return-refund\/\" target=\"_new\" rel=\"noopener\" data-start=\"532\" data-end=\"567\">https:\/\/popwrist.com\/return-refund\/<\/a><\/p><p data-start=\"569\" data-end=\"1099\">Garant\u00eda (resumen). Ofrecemos una garant\u00eda limitada de 12 meses contra defectos de fabricaci\u00f3n. DOA dentro de los 7 d\u00edas de la entrega: vamos a reemplazar o reembolso despu\u00e9s de la verificaci\u00f3n. El servicio es por correo y se requiere un RMA antes de enviarnos cualquier art\u00edculo. Hasta que se publique nuestra p\u00e1gina dedicada a Garant\u00eda y reparaciones, se aplicar\u00e1n estas condiciones, junto con las instrucciones proporcionadas por nuestro equipo de servicio y la secci\u00f3n Garant\u00eda y reparaciones de nuestras Preguntas frecuentes. Para solicitar la garant\u00eda, env\u00ede un correo electr\u00f3nico a <strong data-start=\"1043\" data-end=\"1068\"><a class=\"decorated-link cursor-pointer\" rel=\"noopener\" data-start=\"1045\" data-end=\"1066\">customer@popwrist.com<\/a><\/strong> o p\u00f3ngase en contacto con nosotros en <a href=\"https:\/\/wa.me\/8613826001110\"><strong>WhatsApp<\/strong><\/a>.<\/p><p data-start=\"1101\" data-end=\"1218\"><em data-start=\"1101\" data-end=\"1218\">Si hay alguna incoherencia entre este resumen y la p\u00e1gina de la pol\u00edtica de devoluciones y reembolsos, prevalecer\u00e1 la p\u00e1gina de la pol\u00edtica.<\/em><\/p><h2 data-start=\"6158\" data-end=\"6214\">13. Renuncia de garant\u00edas; limitaci\u00f3n de responsabilidad<\/h2><p data-start=\"6215\" data-end=\"6636\">No garantizamos que el Servicio sea ininterrumpido, puntual, seguro o est\u00e9 libre de errores, ni que los resultados sean precisos o fiables. Salvo que lo indiquemos expresamente o lo exija la ley, el Servicio y todos los productos se proporcionan <strong data-start=\"6447\" data-end=\"6458\">\"tal cual\"<\/strong> y <strong data-start=\"6463\" data-end=\"6481\">\"seg\u00fan disponibilidad\"<\/strong>sin garant\u00edas de ning\u00fan tipo, expresas o impl\u00edcitas (incluyendo comerciabilidad, idoneidad para un fin determinado, durabilidad, titularidad o no infracci\u00f3n).<\/p><p data-start=\"6638\" data-end=\"7022\">En la medida m\u00e1xima permitida por la ley, POPwrist y sus afiliados, directores, funcionarios, empleados, agentes, contratistas, proveedores o licenciantes no ser\u00e1n responsables de ning\u00fan da\u00f1o indirecto, incidental, especial, consecuente, ejemplar o punitivo, o por p\u00e9rdida de beneficios, ingresos, ahorros, datos o costos de reemplazo, que surjan de o est\u00e9n relacionados con el uso del Servicio o los productos.<\/p><p data-start=\"7024\" data-end=\"7292\"><strong data-start=\"7024\" data-end=\"7251\">Nada de lo dispuesto en estas Condiciones limita o excluye la responsabilidad por muerte o lesiones personales causadas por negligencia, fraude o declaraci\u00f3n fraudulenta, dolo o cualquier responsabilidad que no pueda limitarse en virtud de la legislaci\u00f3n aplicable.<\/strong> Sus derechos legales no se ver\u00e1n afectados.<\/p><h2 data-start=\"7294\" data-end=\"7316\">14. Indemnizaci\u00f3n<\/h2><p data-start=\"7317\" data-end=\"7719\">Usted se compromete a indemnizar, defender y mantener indemne POPwrist y sus afiliados, socios, funcionarios, directores, agentes, contratistas, licenciatarios, proveedores de servicios, subcontratistas, proveedores y empleados de cualquier reclamo o demanda (incluyendo honorarios razonables de abogados) hecha por cualquier tercero debido a o como resultado de su incumplimiento de estos T\u00e9rminos o su violaci\u00f3n de cualquier ley o los derechos de un tercero.<\/p><h2 data-start=\"7721\" data-end=\"7741\">15. 15. Fuerza mayor<\/h2><p data-start=\"7742\" data-end=\"8021\">No nos hacemos responsables de los retrasos o incumplimientos debidos a acontecimientos que escapen a nuestro control razonable, como cat\u00e1strofes naturales, pandemias, guerras, terrorismo, acciones gubernamentales, conflictos laborales, cortes de electricidad o de Internet, interrupciones del transporte o de la log\u00edstica, o retrasos aduaneros.<\/p><h2 data-start=\"8023\" data-end=\"8049\">16. Edad y requisitos<\/h2><p data-start=\"8050\" data-end=\"8218\">Usted declara que tiene como m\u00ednimo <strong data-start=\"8086\" data-end=\"8102\">18 a\u00f1os de edad<\/strong> (o la mayor\u00eda de edad en su jurisdicci\u00f3n) o contar con el consentimiento de sus padres\/tutores para utilizar el Sitio y realizar compras.<\/p><h2 data-start=\"8220\" data-end=\"8239\">17. Divisibilidad<\/h2><p data-start=\"8240\" data-end=\"8493\">Si alguna disposici\u00f3n de estas Condiciones se considera ilegal, nula o inaplicable, dicha disposici\u00f3n se aplicar\u00e1 en la m\u00e1xima medida permitida, y la parte inaplicable se considerar\u00e1 eliminada sin que ello afecte a la validez de las disposiciones restantes.<\/p><h2 data-start=\"8495\" data-end=\"8513\">18. Terminaci\u00f3n<\/h2><p data-start=\"8514\" data-end=\"8803\">Estas Condiciones son efectivas a menos y hasta que sean rescindidas por usted o por nosotros. Puede rescindirlas dejando de utilizar el Sitio y notific\u00e1ndonoslo. Si creemos que ha incumplido estas Condiciones, podemos cancelar el acceso en cualquier momento sin previo aviso. Usted seguir\u00e1 siendo responsable de los importes adeudados hasta la fecha de rescisi\u00f3n.<\/p><h2 data-start=\"8805\" data-end=\"8839\">19. Acuerdo completo; no renuncia<\/h2><p data-start=\"8840\" data-end=\"9140\">Estas Condiciones y cualquier pol\u00edtica publicada en el Sitio constituyen el acuerdo completo entre usted y POPwrist en relaci\u00f3n con el Servicio y sustituyen cualquier acuerdo o comunicaci\u00f3n anterior. El hecho de que no ejerzamos o hagamos valer cualquier derecho o disposici\u00f3n no constituir\u00e1 una renuncia a dicho derecho o disposici\u00f3n.<\/p><h2 data-start=\"9142\" data-end=\"9179\">20. Ley aplicable y jurisdicci\u00f3n<\/h2><p data-start=\"9180\" data-end=\"9510\">Estas Condiciones y cualquier otro acuerdo por separado en virtud del cual le prestemos Servicios se rigen por las leyes del <strong data-start=\"9288\" data-end=\"9318\">Rep\u00fablica Popular de China<\/strong>, <strong data-start=\"9320\" data-end=\"9408\">sin perjuicio de cualquier protecci\u00f3n obligatoria de los consumidores en su pa\u00eds de residencia<\/strong>. Salvo que la legislaci\u00f3n local disponga otra cosa, los tribunales situados en <strong data-start=\"9469\" data-end=\"9486\">Shenzhen, Rep\u00fablica Popular China<\/strong> tendr\u00e1 jurisdicci\u00f3n.<\/p><h2 data-start=\"9512\" data-end=\"9541\">21. Modificaciones de las presentes Condiciones<\/h2><p data-start=\"9542\" data-end=\"9847\">Puede consultar la versi\u00f3n m\u00e1s actualizada de las Condiciones en cualquier momento en esta p\u00e1gina. Podemos actualizar o sustituir cualquier parte de estas Condiciones publicando actualizaciones en el Sitio. Es su responsabilidad comprobarlo peri\u00f3dicamente. El uso continuado del Sitio por su parte tras la publicaci\u00f3n de los cambios constituye la aceptaci\u00f3n de los mismos.<\/p><h2 data-start=\"9849\" data-end=\"9875\">22. Informaci\u00f3n de contacto<\/h2><p data-start=\"9876\" data-end=\"9977\">\u00bfPreguntas sobre estas condiciones? Env\u00ede un correo electr\u00f3nico a <strong data-start=\"9911\" data-end=\"9936\"><a class=\"decorated-link cursor-pointer\" rel=\"noopener\" data-start=\"9913\" data-end=\"9934\">customer@popwrist.com<\/a><\/strong><\/p>\t\t\t\t\t\t\t\t<\/div>\n\t\t\t\t<\/div>\n\t\t\t\t\t<\/div>\n\t\t\t\t<\/div>\n\t\t\t\t<\/div>","protected":false},"excerpt":{"rendered":"<p>Terms of Service Last updated: 2025-08-30 Welcome to POPwrist. These Terms of Service (\u201cTerms\u201d) govern your use of our website [&hellip;]<\/p>","protected":false},"author":1,"featured_media":0,"parent":0,"menu_order":0,"comment_status":"closed","ping_status":"closed","template":"","meta":{"site-sidebar-layout":"no-sidebar","site-content-layout":"","ast-site-content-layout":"full-width-container","site-content-style":"default","site-sidebar-style":"default","ast-global-header-display":"","ast-banner-title-visibility":"","ast-main-header-display":"","ast-hfb-above-header-display":"","ast-hfb-below-header-display":"","ast-hfb-mobile-header-display":"","site-post-title":"disabled","ast-breadcrumbs-content":"","ast-featured-img":"disabled","footer-sml-layout":"","ast-disable-related-posts":"","theme-transparent-header-meta":"","adv-header-id-meta":"","stick-header-meta":"","header-above-stick-meta":"","header-main-stick-meta":"","header-below-stick-meta":"","astra-migrate-meta-layouts":"default","ast-page-background-enabled":"default","ast-page-background-meta":{"desktop":{"background-color":"var(--ast-global-color-5)","background-image":"","background-repeat":"repeat","background-position":"center center","background-size":"auto","background-attachment":"scroll","background-type":"","background-media":"","overlay-type":"","overlay-color":"","overlay-opacity":"","overlay-gradient":""},"tablet":{"background-color":"","background-image":"","background-repeat":"repeat","background-position":"center center","background-size":"auto","background-attachment":"scroll","background-type":"","background-media":"","overlay-type":"","overlay-color":"","overlay-opacity":"","overlay-gradient":""},"mobile":{"background-color":"","background-image":"","background-repeat":"repeat","background-position":"center center","background-size":"auto","background-attachment":"scroll","background-type":"","background-media":"","overlay-type":"","overlay-color":"","overlay-opacity":"","overlay-gradient":""}},"ast-content-background-meta":{"desktop":{"background-color":"var(--ast-global-color-4)","background-image":"","background-repeat":"repeat","background-position":"center center","background-size":"auto","background-attachment":"scroll","background-type":"","background-media":"","overlay-type":"","overlay-color":"","overlay-opacity":"","overlay-gradient":""},"tablet":{"background-color":"var(--ast-global-color-4)","background-image":"","background-repeat":"repeat","background-position":"center center","background-size":"auto","background-attachment":"scroll","background-type":"","background-media":"","overlay-type":"","overlay-color":"","overlay-opacity":"","overlay-gradient":""},"mobile":{"background-color":"var(--ast-global-color-4)","background-image":"","background-repeat":"repeat","background-position":"center center","background-size":"auto","background-attachment":"scroll","background-type":"","background-media":"","overlay-type":"","overlay-color":"","overlay-opacity":"","overlay-gradient":""}},"footnotes":""},"class_list":["post-59","page","type-page","status-publish","hentry"],"_links":{"self":[{"href":"https:\/\/popwrist.com\/es\/wp-json\/wp\/v2\/pages\/59","targetHints":{"allow":["GET"]}}],"collection":[{"href":"https:\/\/popwrist.com\/es\/wp-json\/wp\/v2\/pages"}],"about":[{"href":"https:\/\/popwrist.com\/es\/wp-json\/wp\/v2\/types\/page"}],"author":[{"embeddable":true,"href":"https:\/\/popwrist.com\/es\/wp-json\/wp\/v2\/users\/1"}],"replies":[{"embeddable":true,"href":"https:\/\/popwrist.com\/es\/wp-json\/wp\/v2\/comments?post=59"}],"version-history":[{"count":7,"href":"https:\/\/popwrist.com\/es\/wp-json\/wp\/v2\/pages\/59\/revisions"}],"predecessor-version":[{"id":20341,"href":"https:\/\/popwrist.com\/es\/wp-json\/wp\/v2\/pages\/59\/revisions\/20341"}],"wp:attachment":[{"href":"https:\/\/popwrist.com\/es\/wp-json\/wp\/v2\/media?parent=59"}],"curies":[{"name":"wp","href":"https:\/\/api.w.org\/{rel}","templated":true}]}}