{"id":55,"date":"2024-06-28T01:32:05","date_gmt":"2024-06-27T17:32:05","guid":{"rendered":"https:\/\/popwrist.com\/?page_id=55"},"modified":"2024-09-21T04:51:09","modified_gmt":"2024-09-20T20:51:09","slug":"shipping","status":"publish","type":"page","link":"https:\/\/popwrist.com\/es\/shipping\/","title":{"rendered":"ENV\u00cdO"},"content":{"rendered":"<div data-elementor-type=\"wp-page\" data-elementor-id=\"55\" class=\"elementor elementor-55\" data-elementor-post-type=\"page\">\n\t\t\t\t<div class=\"elementor-element elementor-element-50e118c e-flex e-con-boxed e-con e-parent\" data-id=\"50e118c\" data-element_type=\"container\">\n\t\t\t\t\t<div class=\"e-con-inner\">\n\t\t\t\t<div class=\"elementor-element elementor-element-55324fd elementor-widget elementor-widget-heading\" data-id=\"55324fd\" data-element_type=\"widget\" data-widget_type=\"heading.default\">\n\t\t\t\t<div class=\"elementor-widget-container\">\n\t\t\t\t\t<h1 class=\"elementor-heading-title elementor-size-default\">POL\u00cdTICA DE ENV\u00cdOS<\/h1>\t\t\t\t<\/div>\n\t\t\t\t<\/div>\n\t\t\t\t<div class=\"elementor-element elementor-element-594ed6b elementor-widget elementor-widget-text-editor\" data-id=\"594ed6b\" data-element_type=\"widget\" data-widget_type=\"text-editor.default\">\n\t\t\t\t<div class=\"elementor-widget-container\">\n\t\t\t\t\t\t\t\t\t<h4 data-dl-uid=\"99\" data-dl-original=\"true\" data-dl-translated=\"false\">TIEMPO DE TRAMITACI\u00d3N DEL PEDIDO<\/h4><p data-dl-uid=\"100\" data-dl-original=\"true\" data-dl-translated=\"false\">Todos los pedidos realizados en nuestro sitio web se tramitan y env\u00edan en un plazo de 72 horas (excepto fines de semana y festivos). Si realiza un pedido durante fines de semana o festivos, se tramitar\u00e1 el siguiente d\u00eda laborable. Una vez procesado su pedido, recibir\u00e1 una notificaci\u00f3n con el n\u00famero de seguimiento para seguir su env\u00edo.<\/p><h4 data-dl-uid=\"101\" data-dl-original=\"true\" data-dl-translated=\"false\">ENV\u00cdO GRATUITO<\/h4><p data-dl-uid=\"102\" data-dl-original=\"true\" data-dl-translated=\"false\">Ofrecemos env\u00edo gratuito en pedidos superiores a $39. Los pedidos inferiores a esta cantidad tendr\u00e1n gastos de env\u00edo est\u00e1ndar.<\/p><h4 data-dl-uid=\"104\" data-dl-original=\"true\" data-dl-translated=\"false\">PLAZO DE ENTREGA<\/h4><p data-dl-uid=\"105\" data-dl-original=\"true\" data-dl-translated=\"false\">Los plazos de entrega estimados para determinadas regiones son los siguientes:<\/p><ul><li data-dl-uid=\"106\" data-dl-original=\"true\" data-dl-translated=\"false\"><strong data-dl-uid=\"107\" data-dl-original=\"true\" data-dl-translated=\"false\">Europa<\/strong>: Entrega estimada en 9 d\u00edas laborables.<\/li><li data-dl-uid=\"108\" data-dl-original=\"true\" data-dl-translated=\"false\"><strong data-dl-uid=\"109\" data-dl-original=\"true\" data-dl-translated=\"false\">Norteam\u00e9rica<\/strong>: Entrega estimada en 7 d\u00edas laborables.<\/li><\/ul><p data-dl-uid=\"110\" data-dl-original=\"true\" data-dl-translated=\"false\">Tenga en cuenta que se trata de plazos de entrega estimados y que pueden variar debido a factores como el despacho de aduanas, las condiciones meteorol\u00f3gicas u otras circunstancias imprevisibles. Todas las fechas indicadas se basan en pedidos realizados antes de las 12:00 h para permitir el env\u00edo en el mismo d\u00eda.<\/p><h4 data-dl-uid=\"111\" data-dl-original=\"true\" data-dl-translated=\"false\">IMPUESTOS, IVA, TASAS DE IMPORTACI\u00d3N<\/h4><p data-dl-uid=\"112\" data-dl-original=\"true\" data-dl-translated=\"false\">Las tarifas de env\u00edo de nuestro sitio web no incluyen impuestos locales, IVA, derechos de importaci\u00f3n ni otros gastos de despacho de aduanas. Trabajamos con transportistas que suelen encargarse de los tr\u00e1mites aduaneros de importaci\u00f3n y exportaci\u00f3n, lo que significa que, en la mayor\u00eda de los casos, no tendr\u00e1 que pagar impuestos ni tasas adicionales al recibir su pedido. Sin embargo, no podemos garantizar que las autoridades aduaneras de su pa\u00eds no impongan impuestos o aranceles. Cualquier cargo adicional exigido por las aduanas es responsabilidad del cliente.<\/p><h4 data-dl-uid=\"114\" data-dl-original=\"true\" data-dl-translated=\"false\">SEGURO<\/h4><p data-dl-uid=\"115\" data-dl-original=\"true\" data-dl-translated=\"false\">POPwrist proporciona cobertura de seguro para cada env\u00edo. Tenga en cuenta que es posible que tenga que firmar para recoger su paquete en el momento de la entrega.<\/p><h4 data-dl-uid=\"116\" data-dl-original=\"true\" data-dl-translated=\"false\">ENV\u00cdOS RECHAZADOS<\/h4><p data-dl-uid=\"117\" data-dl-original=\"true\" data-dl-translated=\"false\">Los paquetes rechazados o no recibidos debido a problemas como direcciones incorrectas, negativa a pagar derechos de importaci\u00f3n o direcciones imposibles de entregar se reembolsar\u00e1n una vez devueltos a nuestro almac\u00e9n. Los reembolsos se efectuar\u00e1n descontando los gastos de env\u00edo hacia y desde el pa\u00eds de destino, as\u00ed como los aranceles e impuestos aplicables.<\/p><h4 data-dl-uid=\"118\" data-dl-original=\"true\" data-dl-translated=\"false\">RESTRICCIONES DE ENTREGA<\/h4><p data-dl-uid=\"119\" data-dl-original=\"true\" data-dl-translated=\"false\">Ofrecemos env\u00edo gratuito para pedidos superiores a $39. Sin embargo, no realizamos env\u00edos a direcciones APO\/FPO o PO BOX. Se requiere una direcci\u00f3n f\u00edsica v\u00e1lida para procesar su pedido.<\/p><h4 data-dl-uid=\"120\" data-dl-original=\"true\" data-dl-translated=\"false\">PROBLEMAS DE ENV\u00cdO Y ENTREGA<\/h4><p data-dl-uid=\"121\" data-dl-original=\"true\" data-dl-translated=\"false\">Si su env\u00edo se pierde o resulta da\u00f1ado, notif\u00edquelo a POPwrist en un plazo de 10 d\u00edas laborables para que podamos iniciar un rastreo con el transportista. Una vez que el transportista complete su investigaci\u00f3n, emitiremos un reemplazo o reembolso dependiendo de la situaci\u00f3n. Si el art\u00edculo ya no est\u00e1 disponible, se proceder\u00e1 al reembolso. En el caso de art\u00edculos incorrectos, p\u00f3ngase en contacto con nosotros en un plazo de 5 d\u00edas a partir de la entrega para corregir el problema.<\/p>\t\t\t\t\t\t\t\t<\/div>\n\t\t\t\t<\/div>\n\t\t\t\t\t<\/div>\n\t\t\t\t<\/div>\n\t\t\t\t<\/div>","protected":false},"excerpt":{"rendered":"<p>SHIPPING POLICY ORDER PROCESSING TIME All orders placed on our website are processed and shipped within 72 hours (excluding weekends [&hellip;]<\/p>","protected":false},"author":1,"featured_media":0,"parent":0,"menu_order":0,"comment_status":"closed","ping_status":"closed","template":"","meta":{"site-sidebar-layout":"no-sidebar","site-content-layout":"","ast-site-content-layout":"full-width-container","site-content-style":"default","site-sidebar-style":"default","ast-global-header-display":"","ast-banner-title-visibility":"","ast-main-header-display":"","ast-hfb-above-header-display":"","ast-hfb-below-header-display":"","ast-hfb-mobile-header-display":"","site-post-title":"disabled","ast-breadcrumbs-content":"","ast-featured-img":"disabled","footer-sml-layout":"","ast-disable-related-posts":"","theme-transparent-header-meta":"","adv-header-id-meta":"","stick-header-meta":"","header-above-stick-meta":"","header-main-stick-meta":"","header-below-stick-meta":"","astra-migrate-meta-layouts":"default","ast-page-background-enabled":"default","ast-page-background-meta":{"desktop":{"background-color":"var(--ast-global-color-5)","background-image":"","background-repeat":"repeat","background-position":"center center","background-size":"auto","background-attachment":"scroll","background-type":"","background-media":"","overlay-type":"","overlay-color":"","overlay-opacity":"","overlay-gradient":""},"tablet":{"background-color":"","background-image":"","background-repeat":"repeat","background-position":"center center","background-size":"auto","background-attachment":"scroll","background-type":"","background-media":"","overlay-type":"","overlay-color":"","overlay-opacity":"","overlay-gradient":""},"mobile":{"background-color":"","background-image":"","background-repeat":"repeat","background-position":"center center","background-size":"auto","background-attachment":"scroll","background-type":"","background-media":"","overlay-type":"","overlay-color":"","overlay-opacity":"","overlay-gradient":""}},"ast-content-background-meta":{"desktop":{"background-color":"var(--ast-global-color-4)","background-image":"","background-repeat":"repeat","background-position":"center center","background-size":"auto","background-attachment":"scroll","background-type":"","background-media":"","overlay-type":"","overlay-color":"","overlay-opacity":"","overlay-gradient":""},"tablet":{"background-color":"var(--ast-global-color-4)","background-image":"","background-repeat":"repeat","background-position":"center center","background-size":"auto","background-attachment":"scroll","background-type":"","background-media":"","overlay-type":"","overlay-color":"","overlay-opacity":"","overlay-gradient":""},"mobile":{"background-color":"var(--ast-global-color-4)","background-image":"","background-repeat":"repeat","background-position":"center center","background-size":"auto","background-attachment":"scroll","background-type":"","background-media":"","overlay-type":"","overlay-color":"","overlay-opacity":"","overlay-gradient":""}},"footnotes":""},"class_list":["post-55","page","type-page","status-publish","hentry"],"_links":{"self":[{"href":"https:\/\/popwrist.com\/es\/wp-json\/wp\/v2\/pages\/55","targetHints":{"allow":["GET"]}}],"collection":[{"href":"https:\/\/popwrist.com\/es\/wp-json\/wp\/v2\/pages"}],"about":[{"href":"https:\/\/popwrist.com\/es\/wp-json\/wp\/v2\/types\/page"}],"author":[{"embeddable":true,"href":"https:\/\/popwrist.com\/es\/wp-json\/wp\/v2\/users\/1"}],"replies":[{"embeddable":true,"href":"https:\/\/popwrist.com\/es\/wp-json\/wp\/v2\/comments?post=55"}],"version-history":[{"count":16,"href":"https:\/\/popwrist.com\/es\/wp-json\/wp\/v2\/pages\/55\/revisions"}],"predecessor-version":[{"id":7290,"href":"https:\/\/popwrist.com\/es\/wp-json\/wp\/v2\/pages\/55\/revisions\/7290"}],"wp:attachment":[{"href":"https:\/\/popwrist.com\/es\/wp-json\/wp\/v2\/media?parent=55"}],"curies":[{"name":"wp","href":"https:\/\/api.w.org\/{rel}","templated":true}]}}