{"id":61,"date":"2024-06-28T01:33:19","date_gmt":"2024-06-27T17:33:19","guid":{"rendered":"https:\/\/popwrist.com\/?page_id=61"},"modified":"2024-07-22T02:53:30","modified_gmt":"2024-07-21T18:53:30","slug":"privacy-policy","status":"publish","type":"page","link":"https:\/\/popwrist.com\/de\/privacy-policy\/","title":{"rendered":"Privacy Policy"},"content":{"rendered":"<div data-elementor-type=\"wp-page\" data-elementor-id=\"61\" class=\"elementor elementor-61\" data-elementor-post-type=\"page\">\n\t\t\t\t<div class=\"elementor-element elementor-element-05a4679 e-flex e-con-boxed e-con e-parent\" data-id=\"05a4679\" data-element_type=\"container\">\n\t\t\t\t\t<div class=\"e-con-inner\">\n\t\t\t\t<div class=\"elementor-element elementor-element-cbb3e32 elementor-widget elementor-widget-heading\" data-id=\"cbb3e32\" data-element_type=\"widget\" data-widget_type=\"heading.default\">\n\t\t\t\t<div class=\"elementor-widget-container\">\n\t\t\t\t\t<h1 class=\"elementor-heading-title elementor-size-default\">Privacy Policy<\/h1>\t\t\t\t<\/div>\n\t\t\t\t<\/div>\n\t\t\t\t<div class=\"elementor-element elementor-element-11fa136 elementor-widget elementor-widget-text-editor\" data-id=\"11fa136\" data-element_type=\"widget\" data-widget_type=\"text-editor.default\">\n\t\t\t\t<div class=\"elementor-widget-container\">\n\t\t\t\t\t\t\t\t\t<h3 data-dl-uid=\"371\" data-dl-original=\"true\" data-dl-translated=\"false\">Datenschutzrichtlinie f\u00fcr POPwrist.com<\/h3><p data-dl-uid=\"372\" data-dl-original=\"true\" data-dl-translated=\"false\"><strong data-dl-uid=\"373\" data-dl-original=\"true\" data-dl-translated=\"false\">Datum des Inkrafttretens:<\/strong> 16\/03\/2023<\/p><p data-dl-uid=\"374\" data-dl-original=\"true\" data-dl-translated=\"false\">Bei POPwrist.com sind wir verpflichtet, Ihre Privatsph\u00e4re zu sch\u00fctzen. Diese Datenschutzrichtlinie erkl\u00e4rt, wie wir Ihre pers\u00f6nlichen Daten sammeln, verwenden und sch\u00fctzen, wenn Sie unsere Website besuchen oder unsere Produkte kaufen.<\/p><h3 data-dl-uid=\"375\" data-dl-original=\"true\" data-dl-translated=\"false\"><strong data-dl-uid=\"376\" data-dl-original=\"true\" data-dl-translated=\"false\">1. Informationen, die wir sammeln<\/strong><\/h3><p data-dl-uid=\"377\" data-dl-original=\"true\" data-dl-translated=\"false\"><strong data-dl-uid=\"378\" data-dl-original=\"true\" data-dl-translated=\"false\">1.1 Pers\u00f6nliche Informationen:<\/strong><\/p><ul><li data-dl-uid=\"379\" data-dl-original=\"true\" data-dl-translated=\"false\"><strong data-dl-uid=\"380\" data-dl-original=\"true\" data-dl-translated=\"false\">Kontaktinformationen:<\/strong> Name, E-Mail-Adresse, Telefonnummer und Lieferadresse.<\/li><li data-dl-uid=\"381\" data-dl-original=\"true\" data-dl-translated=\"false\"><strong data-dl-uid=\"382\" data-dl-original=\"true\" data-dl-translated=\"false\">Zahlungsinformationen:<\/strong> Kreditkartendaten und andere Zahlungsinformationen werden von Drittanbietern verarbeitet. Wir speichern Ihre Zahlungsdaten nicht.<\/li><li data-dl-uid=\"383\" data-dl-original=\"true\" data-dl-translated=\"false\"><strong data-dl-uid=\"384\" data-dl-original=\"true\" data-dl-translated=\"false\">Informationen zum Konto:<\/strong> Benutzername und Passwort, wenn Sie ein Konto auf unserer Website erstellen.<\/li><\/ul><p data-dl-uid=\"385\" data-dl-original=\"true\" data-dl-translated=\"false\"><strong data-dl-uid=\"386\" data-dl-original=\"true\" data-dl-translated=\"false\">1.2 Nicht-personenbezogene Informationen:<\/strong><\/p><ul><li data-dl-uid=\"387\" data-dl-original=\"true\" data-dl-translated=\"false\"><strong data-dl-uid=\"388\" data-dl-original=\"true\" data-dl-translated=\"false\">Informationen zum Browsing:<\/strong> IP-Adresse, Browsertyp, Betriebssystem, verweisende URLs und Surfverhalten auf unserer Website.<\/li><li data-dl-uid=\"389\" data-dl-original=\"true\" data-dl-translated=\"false\"><strong data-dl-uid=\"390\" data-dl-original=\"true\" data-dl-translated=\"false\">Kekse:<\/strong> Kleine Datendateien, die auf Ihrem Ger\u00e4t gespeichert werden, um Ihr Surferlebnis zu verbessern und die Nutzung der Website zu verfolgen.<\/li><\/ul><h3 data-dl-uid=\"391\" data-dl-original=\"true\" data-dl-translated=\"false\"><strong data-dl-uid=\"392\" data-dl-original=\"true\" data-dl-translated=\"false\">2. Wie wir Ihre Informationen verwenden<\/strong><\/h3><p data-dl-uid=\"393\" data-dl-original=\"true\" data-dl-translated=\"false\"><strong data-dl-uid=\"394\" data-dl-original=\"true\" data-dl-translated=\"false\">2.1 Zur Bereitstellung und Verbesserung unserer Dienste:<\/strong><\/p><ul><li data-dl-uid=\"395\" data-dl-original=\"true\" data-dl-translated=\"false\">Bearbeitung und Ausf\u00fchrung Ihrer Bestellungen.<\/li><li data-dl-uid=\"396\" data-dl-original=\"true\" data-dl-translated=\"false\">Beantworten Sie Ihre Anfragen und leisten Sie Kundensupport.<\/li><li data-dl-uid=\"397\" data-dl-original=\"true\" data-dl-translated=\"false\">Ihr Einkaufserlebnis zu personalisieren und die Funktionalit\u00e4t unserer Website zu verbessern.<\/li><\/ul><p data-dl-uid=\"398\" data-dl-original=\"true\" data-dl-translated=\"false\"><strong data-dl-uid=\"399\" data-dl-original=\"true\" data-dl-translated=\"false\">2.2 Marketing und Kommunikation:<\/strong><\/p><ul><li data-dl-uid=\"400\" data-dl-original=\"true\" data-dl-translated=\"false\">Versenden von Werbe-E-Mails, Newslettern und Aktualisierungen \u00fcber unsere Produkte und Dienstleistungen. Sie k\u00f6nnen sich jederzeit abmelden.<\/li><li data-dl-uid=\"401\" data-dl-original=\"true\" data-dl-translated=\"false\">F\u00fchren Sie Umfragen durch und sammeln Sie Feedback, um unser Angebot zu verbessern.<\/li><\/ul><p data-dl-uid=\"402\" data-dl-original=\"true\" data-dl-translated=\"false\"><strong data-dl-uid=\"403\" data-dl-original=\"true\" data-dl-translated=\"false\">2.3 Rechtliches und Compliance:<\/strong><\/p><ul><li data-dl-uid=\"404\" data-dl-original=\"true\" data-dl-translated=\"false\">Erf\u00fcllung gesetzlicher Verpflichtungen und Schutz unserer Rechte.<\/li><li data-dl-uid=\"405\" data-dl-original=\"true\" data-dl-translated=\"false\">Betrug zu verhindern und die Sicherheit unserer Website zu gew\u00e4hrleisten.<\/li><\/ul><h3 data-dl-uid=\"406\" data-dl-original=\"true\" data-dl-translated=\"false\"><strong data-dl-translated=\"false\">3. Weitergabe Ihrer Informationen<\/strong><\/h3><p data-dl-uid=\"407\" data-dl-original=\"true\" data-dl-translated=\"false\"><strong data-dl-uid=\"408\" data-dl-original=\"true\" data-dl-translated=\"false\">3.1 Drittanbieter von Dienstleistungen:<\/strong> Wir k\u00f6nnen Ihre Daten an Drittanbieter weitergeben, die uns dabei unterst\u00fctzen:<\/p><ul><li data-dl-uid=\"409\" data-dl-original=\"true\" data-dl-translated=\"false\">Zahlungsabwicklung<\/li><li data-dl-uid=\"410\" data-dl-original=\"true\" data-dl-translated=\"false\">Auftragsabwicklung<\/li><li data-dl-uid=\"411\" data-dl-original=\"true\" data-dl-translated=\"false\">Marketing und Analytik<\/li><li data-dl-uid=\"412\" data-dl-original=\"true\" data-dl-translated=\"false\">Website-Hosting und -Wartung<\/li><\/ul><p data-dl-uid=\"413\" data-dl-original=\"true\" data-dl-translated=\"false\"><strong data-dl-uid=\"414\" data-dl-original=\"true\" data-dl-translated=\"false\">3.2 Rechtliche Anforderungen:<\/strong> Wir k\u00f6nnen Ihre Daten offenlegen, wenn dies gesetzlich vorgeschrieben ist oder als Reaktion auf rechtliche Anfragen, wie z. B. Vorladungen oder Gerichtsbeschl\u00fcsse.<\/p><h3 data-dl-uid=\"415\" data-dl-original=\"true\" data-dl-translated=\"false\"><strong data-dl-uid=\"416\" data-dl-original=\"true\" data-dl-translated=\"false\">4. Internationale Daten\u00fcbermittlung<\/strong><\/h3><p data-dl-uid=\"417\" data-dl-original=\"true\" data-dl-translated=\"false\">Da sich unsere Zielkunden in Europa und Nordamerika befinden, k\u00f6nnen Ihre Daten in L\u00e4nder au\u00dferhalb Ihres Heimatlandes \u00fcbertragen und dort verarbeitet werden. Wir stellen sicher, dass Ihre Daten gem\u00e4\u00df den geltenden Gesetzen, einschlie\u00dflich der GDPR f\u00fcr europ\u00e4ische Nutzer, gesch\u00fctzt sind.<\/p><h3 data-dl-uid=\"418\" data-dl-original=\"true\" data-dl-translated=\"false\"><strong data-dl-uid=\"419\" data-dl-original=\"true\" data-dl-translated=\"false\">5. Datensicherheit<\/strong><\/h3><p data-dl-uid=\"420\" data-dl-original=\"true\" data-dl-translated=\"false\">Wir setzen angemessene technische und organisatorische Ma\u00dfnahmen ein, um Ihre pers\u00f6nlichen Daten vor unbefugtem Zugriff, Ver\u00e4nderung, Offenlegung oder Zerst\u00f6rung zu sch\u00fctzen. Zu diesen Ma\u00dfnahmen geh\u00f6ren Verschl\u00fcsselung, Zugangskontrollen und regelm\u00e4\u00dfige Sicherheitspr\u00fcfungen.<\/p><h3 data-dl-uid=\"421\" data-dl-original=\"true\" data-dl-translated=\"false\"><strong data-dl-uid=\"422\" data-dl-original=\"true\" data-dl-translated=\"false\">6. Vorratsdatenspeicherung<\/strong><\/h3><p data-dl-uid=\"423\" data-dl-original=\"true\" data-dl-translated=\"false\">Wir bewahren Ihre pers\u00f6nlichen Daten nur so lange auf, wie es notwendig ist, um die Zwecke zu erf\u00fcllen, f\u00fcr die wir sie gesammelt haben, einschlie\u00dflich der Erf\u00fcllung von gesetzlichen, buchhalterischen oder Berichtsanforderungen.<\/p><h3 data-dl-uid=\"424\" data-dl-original=\"true\" data-dl-translated=\"false\"><strong data-dl-uid=\"425\" data-dl-original=\"true\" data-dl-translated=\"false\">7. Deine Rechte<\/strong><\/h3><p data-dl-uid=\"426\" data-dl-original=\"true\" data-dl-translated=\"false\"><strong data-dl-uid=\"427\" data-dl-original=\"true\" data-dl-translated=\"false\">7.1 Europ\u00e4ische Nutzer:<\/strong><\/p><ul><li data-dl-uid=\"428\" data-dl-original=\"true\" data-dl-translated=\"false\"><strong data-dl-uid=\"429\" data-dl-original=\"true\" data-dl-translated=\"false\">Zugang:<\/strong> Fordern Sie eine Kopie Ihrer pers\u00f6nlichen Daten an.<\/li><li data-dl-uid=\"430\" data-dl-original=\"true\" data-dl-translated=\"false\"><strong data-dl-uid=\"431\" data-dl-original=\"true\" data-dl-translated=\"false\">Berichtigung:<\/strong> Korrigieren Sie ungenaue oder unvollst\u00e4ndige Daten.<\/li><li data-dl-uid=\"432\" data-dl-original=\"true\" data-dl-translated=\"false\"><strong data-dl-uid=\"433\" data-dl-original=\"true\" data-dl-translated=\"false\">L\u00f6schung:<\/strong> die L\u00f6schung Ihrer personenbezogenen Daten zu beantragen.<\/li><li data-dl-uid=\"434\" data-dl-original=\"true\" data-dl-translated=\"false\"><strong data-dl-uid=\"435\" data-dl-original=\"true\" data-dl-translated=\"false\">Einschr\u00e4nkung:<\/strong> die Verarbeitung Ihrer Daten unter bestimmten Bedingungen einschr\u00e4nken.<\/li><li data-dl-uid=\"436\" data-dl-original=\"true\" data-dl-translated=\"false\"><strong data-dl-translated=\"false\">Tragbarkeit:<\/strong> Antrag auf \u00dcbertragung Ihrer Daten an eine andere Organisation.<\/li><\/ul><p data-dl-uid=\"437\" data-dl-original=\"true\" data-dl-translated=\"false\"><strong data-dl-uid=\"438\" data-dl-original=\"true\" data-dl-translated=\"false\">7.2 Nordamerikanische Nutzer:<\/strong><\/p><ul><li data-dl-uid=\"439\" data-dl-original=\"true\" data-dl-translated=\"false\"><strong data-dl-uid=\"440\" data-dl-original=\"true\" data-dl-translated=\"false\">Zugang und Berichtigung:<\/strong> \u00c4hnliche Rechte auf Zugang und Berichtigung Ihrer Daten.<\/li><li data-dl-uid=\"441\" data-dl-original=\"true\" data-dl-translated=\"false\"><strong data-dl-uid=\"442\" data-dl-original=\"true\" data-dl-translated=\"false\">Opt-out:<\/strong> Abmeldung von Marketingmitteilungen.<\/li><\/ul><p data-dl-uid=\"443\" data-dl-original=\"true\" data-dl-translated=\"false\">Wenn Sie eines dieser Rechte aus\u00fcben m\u00f6chten, kontaktieren Sie uns bitte unter <a rel=\"noreferrer\" data-dl-translated=\"false\">customer@popwrist.com<\/a>.<\/p><h3 data-dl-uid=\"444\" data-dl-original=\"true\" data-dl-translated=\"false\"><strong data-dl-uid=\"445\" data-dl-original=\"true\" data-dl-translated=\"false\">8. Cookies und Tracking-Technologien<\/strong><\/h3><p data-dl-uid=\"446\" data-dl-original=\"true\" data-dl-translated=\"false\">Wir verwenden Cookies und \u00e4hnliche Technologien, um Informationen \u00fcber Ihr Surfverhalten zu sammeln und zu verfolgen. Sie k\u00f6nnen Ihre Cookie-Pr\u00e4ferenzen \u00fcber Ihre Browser-Einstellungen verwalten.<\/p><h3 data-dl-uid=\"447\" data-dl-original=\"true\" data-dl-translated=\"false\"><strong data-dl-uid=\"448\" data-dl-original=\"true\" data-dl-translated=\"false\">9. Privatsph\u00e4re der Kinder<\/strong><\/h3><p data-dl-uid=\"449\" data-dl-original=\"true\" data-dl-translated=\"false\">Unsere Website ist nicht f\u00fcr Kinder unter 13 Jahren bestimmt. Wir sammeln nicht wissentlich pers\u00f6nliche Daten von Kindern unter 13 Jahren. Sollten wir feststellen, dass wir versehentlich personenbezogene Daten von einem Kind unter 13 Jahren erhalten haben, werden wir diese Daten aus unseren Unterlagen l\u00f6schen.<\/p><h3 data-dl-uid=\"450\" data-dl-original=\"true\" data-dl-translated=\"false\"><strong data-dl-uid=\"451\" data-dl-original=\"true\" data-dl-translated=\"false\">10. \u00c4nderungen an dieser Datenschutzrichtlinie<\/strong><\/h3><p data-dl-uid=\"452\" data-dl-original=\"true\" data-dl-translated=\"false\">Wir k\u00f6nnen diese Datenschutzrichtlinie von Zeit zu Zeit aktualisieren. Alle \u00c4nderungen werden auf dieser Seite mit einem aktualisierten G\u00fcltigkeitsdatum ver\u00f6ffentlicht.<\/p><h3 data-dl-uid=\"453\" data-dl-original=\"true\" data-dl-translated=\"false\"><strong data-dl-uid=\"454\" data-dl-original=\"true\" data-dl-translated=\"false\">11. Kontakt<\/strong><\/h3><p data-dl-uid=\"455\" data-dl-original=\"true\" data-dl-translated=\"false\">Wenn Sie Fragen oder Bedenken zu dieser Datenschutzrichtlinie oder unseren Datenpraktiken haben, wenden Sie sich bitte an uns:<\/p><p data-dl-uid=\"456\" data-dl-original=\"true\" data-dl-translated=\"false\">E-Mail: <a rel=\"noreferrer\" data-dl-uid=\"457\" data-dl-original=\"true\" data-dl-translated=\"false\">customer@popwrist.com<\/a><br data-dl-uid=\"458\" data-dl-original=\"true\" data-dl-translated=\"false\" \/>Anschrift: Raum 1207, Jinhai'an-Geb\u00e4ude, Nr. 9 Chuangye Road, Bezirk Nanshan, Shenzhen, China<\/p><p data-dl-uid=\"459\" data-dl-original=\"true\" data-dl-translated=\"false\">Vielen Dank, dass Sie POPwrist.com Ihre pers\u00f6nlichen Daten anvertrauen. Wir sind verpflichtet, Ihre Privatsph\u00e4re zu sch\u00fctzen und ein sicheres Einkaufserlebnis zu gew\u00e4hrleisten.<\/p>\t\t\t\t\t\t\t\t<\/div>\n\t\t\t\t<\/div>\n\t\t\t\t\t<\/div>\n\t\t\t\t<\/div>\n\t\t\t\t<\/div>","protected":false},"excerpt":{"rendered":"<p>Privacy Policy Privacy Policy for POPwrist.com Effective Date: 16\/03\/2023 At POPwrist.com, we are committed to protecting your privacy. This Privacy [&hellip;]<\/p>","protected":false},"author":1,"featured_media":0,"parent":0,"menu_order":0,"comment_status":"closed","ping_status":"closed","template":"","meta":{"site-sidebar-layout":"no-sidebar","site-content-layout":"","ast-site-content-layout":"full-width-container","site-content-style":"default","site-sidebar-style":"default","ast-global-header-display":"","ast-banner-title-visibility":"","ast-main-header-display":"","ast-hfb-above-header-display":"","ast-hfb-below-header-display":"","ast-hfb-mobile-header-display":"","site-post-title":"disabled","ast-breadcrumbs-content":"","ast-featured-img":"disabled","footer-sml-layout":"","ast-disable-related-posts":"","theme-transparent-header-meta":"","adv-header-id-meta":"","stick-header-meta":"","header-above-stick-meta":"","header-main-stick-meta":"","header-below-stick-meta":"","astra-migrate-meta-layouts":"default","ast-page-background-enabled":"default","ast-page-background-meta":{"desktop":{"background-color":"var(--ast-global-color-5)","background-image":"","background-repeat":"repeat","background-position":"center center","background-size":"auto","background-attachment":"scroll","background-type":"","background-media":"","overlay-type":"","overlay-color":"","overlay-opacity":"","overlay-gradient":""},"tablet":{"background-color":"","background-image":"","background-repeat":"repeat","background-position":"center center","background-size":"auto","background-attachment":"scroll","background-type":"","background-media":"","overlay-type":"","overlay-color":"","overlay-opacity":"","overlay-gradient":""},"mobile":{"background-color":"","background-image":"","background-repeat":"repeat","background-position":"center center","background-size":"auto","background-attachment":"scroll","background-type":"","background-media":"","overlay-type":"","overlay-color":"","overlay-opacity":"","overlay-gradient":""}},"ast-content-background-meta":{"desktop":{"background-color":"var(--ast-global-color-4)","background-image":"","background-repeat":"repeat","background-position":"center center","background-size":"auto","background-attachment":"scroll","background-type":"","background-media":"","overlay-type":"","overlay-color":"","overlay-opacity":"","overlay-gradient":""},"tablet":{"background-color":"var(--ast-global-color-4)","background-image":"","background-repeat":"repeat","background-position":"center center","background-size":"auto","background-attachment":"scroll","background-type":"","background-media":"","overlay-type":"","overlay-color":"","overlay-opacity":"","overlay-gradient":""},"mobile":{"background-color":"var(--ast-global-color-4)","background-image":"","background-repeat":"repeat","background-position":"center center","background-size":"auto","background-attachment":"scroll","background-type":"","background-media":"","overlay-type":"","overlay-color":"","overlay-opacity":"","overlay-gradient":""}},"footnotes":""},"class_list":["post-61","page","type-page","status-publish","hentry"],"_links":{"self":[{"href":"https:\/\/popwrist.com\/de\/wp-json\/wp\/v2\/pages\/61","targetHints":{"allow":["GET"]}}],"collection":[{"href":"https:\/\/popwrist.com\/de\/wp-json\/wp\/v2\/pages"}],"about":[{"href":"https:\/\/popwrist.com\/de\/wp-json\/wp\/v2\/types\/page"}],"author":[{"embeddable":true,"href":"https:\/\/popwrist.com\/de\/wp-json\/wp\/v2\/users\/1"}],"replies":[{"embeddable":true,"href":"https:\/\/popwrist.com\/de\/wp-json\/wp\/v2\/comments?post=61"}],"version-history":[{"count":20,"href":"https:\/\/popwrist.com\/de\/wp-json\/wp\/v2\/pages\/61\/revisions"}],"predecessor-version":[{"id":19992,"href":"https:\/\/popwrist.com\/de\/wp-json\/wp\/v2\/pages\/61\/revisions\/19992"}],"wp:attachment":[{"href":"https:\/\/popwrist.com\/de\/wp-json\/wp\/v2\/media?parent=61"}],"curies":[{"name":"wp","href":"https:\/\/api.w.org\/{rel}","templated":true}]}}