{"id":55,"date":"2024-06-28T01:32:05","date_gmt":"2024-06-27T17:32:05","guid":{"rendered":"https:\/\/popwrist.com\/?page_id=55"},"modified":"2024-09-21T04:51:09","modified_gmt":"2024-09-20T20:51:09","slug":"shipping","status":"publish","type":"page","link":"https:\/\/popwrist.com\/de\/shipping\/","title":{"rendered":"SHIPPING"},"content":{"rendered":"<div data-elementor-type=\"wp-page\" data-elementor-id=\"55\" class=\"elementor elementor-55\" data-elementor-post-type=\"page\">\n\t\t\t\t<div class=\"elementor-element elementor-element-50e118c e-flex e-con-boxed e-con e-parent\" data-id=\"50e118c\" data-element_type=\"container\">\n\t\t\t\t\t<div class=\"e-con-inner\">\n\t\t\t\t<div class=\"elementor-element elementor-element-55324fd elementor-widget elementor-widget-heading\" data-id=\"55324fd\" data-element_type=\"widget\" data-widget_type=\"heading.default\">\n\t\t\t\t<div class=\"elementor-widget-container\">\n\t\t\t\t\t<h1 class=\"elementor-heading-title elementor-size-default\">SCHIFFFAHRTSPOLITIK<\/h1>\t\t\t\t<\/div>\n\t\t\t\t<\/div>\n\t\t\t\t<div class=\"elementor-element elementor-element-594ed6b elementor-widget elementor-widget-text-editor\" data-id=\"594ed6b\" data-element_type=\"widget\" data-widget_type=\"text-editor.default\">\n\t\t\t\t<div class=\"elementor-widget-container\">\n\t\t\t\t\t\t\t\t\t<h4 data-dl-uid=\"99\" data-dl-original=\"true\" data-dl-translated=\"false\">AUFTRAGSABWICKLUNGSZEIT<\/h4><p data-dl-uid=\"100\" data-dl-original=\"true\" data-dl-translated=\"false\">Alle auf unserer Website aufgegebenen Bestellungen werden innerhalb von 72 Stunden bearbeitet und versandt (au\u00dfer an Wochenenden und Feiertagen). Wenn Sie eine Bestellung an Wochenenden oder Feiertagen aufgeben, wird sie am n\u00e4chsten Werktag bearbeitet. Sobald Ihre Bestellung bearbeitet wird, erhalten Sie eine Benachrichtigung mit der Tracking-Nummer, um Ihre Sendung zu verfolgen.<\/p><h4 data-dl-uid=\"101\" data-dl-original=\"true\" data-dl-translated=\"false\">KOSTENLOSER VERSAND<\/h4><p data-dl-uid=\"102\" data-dl-original=\"true\" data-dl-translated=\"false\">Wir bieten kostenlosen Versand f\u00fcr Bestellungen \u00fcber $39. Bei Bestellungen unter diesem Betrag wird eine Standard-Versandgeb\u00fchr erhoben.<\/p><h4 data-dl-uid=\"104\" data-dl-original=\"true\" data-dl-translated=\"false\">LIEFERZEIT<\/h4><p data-dl-uid=\"105\" data-dl-original=\"true\" data-dl-translated=\"false\">Die voraussichtlichen Lieferzeiten f\u00fcr ausgew\u00e4hlte Regionen sind wie folgt:<\/p><ul><li data-dl-uid=\"106\" data-dl-original=\"true\" data-dl-translated=\"false\"><strong data-dl-uid=\"107\" data-dl-original=\"true\" data-dl-translated=\"false\">Europa<\/strong>: Voraussichtliche Lieferung innerhalb von 9 Werktagen.<\/li><li data-dl-uid=\"108\" data-dl-original=\"true\" data-dl-translated=\"false\"><strong data-dl-uid=\"109\" data-dl-original=\"true\" data-dl-translated=\"false\">Nord-Amerika<\/strong>: Voraussichtliche Lieferung innerhalb von 7 Werktagen.<\/li><\/ul><p data-dl-uid=\"110\" data-dl-original=\"true\" data-dl-translated=\"false\">Bitte beachten Sie, dass es sich um gesch\u00e4tzte Lieferzeiten handelt, die aufgrund von Faktoren wie Zollabfertigung, Wetterbedingungen oder anderen unvorhersehbaren Umst\u00e4nden variieren k\u00f6nnen. Alle aufgef\u00fchrten Daten basieren auf Bestellungen, die vor 12:00 Uhr aufgegeben werden, um einen Versand am selben Tag zu erm\u00f6glichen.<\/p><h4 data-dl-uid=\"111\" data-dl-original=\"true\" data-dl-translated=\"false\">STEUERN, MWST., EINFUHRGEB\u00dcHREN<\/h4><p data-dl-uid=\"112\" data-dl-original=\"true\" data-dl-translated=\"false\">Die Versandtarife auf unserer Website enthalten keine lokalen Steuern, Mehrwertsteuer, Einfuhrz\u00f6lle oder andere Kosten f\u00fcr die Versandabfertigung. Wir arbeiten mit Spediteuren zusammen, die in der Regel sowohl die Import- als auch die Exportverzollung abwickeln, was bedeutet, dass Sie in den meisten F\u00e4llen keine zus\u00e4tzlichen Steuern oder Geb\u00fchren bei Erhalt Ihrer Bestellung zahlen m\u00fcssen. Wir k\u00f6nnen jedoch nicht garantieren, dass die Zollbeh\u00f6rden in Ihrem Land keine Steuern oder Geb\u00fchren erheben. Alle zus\u00e4tzlichen Geb\u00fchren, die vom Zoll verlangt werden, liegen in der Verantwortung des Kunden.<\/p><h4 data-dl-uid=\"114\" data-dl-original=\"true\" data-dl-translated=\"false\">VERSICHERUNG<\/h4><p data-dl-uid=\"115\" data-dl-original=\"true\" data-dl-translated=\"false\">POPwrist bietet Versicherungsschutz f\u00fcr jede Sendung. Bitte beachten Sie, dass Sie bei der Zustellung eventuell f\u00fcr Ihr Paket unterschreiben m\u00fcssen.<\/p><h4 data-dl-uid=\"116\" data-dl-original=\"true\" data-dl-translated=\"false\">ABGELEHNTE SENDUNGEN<\/h4><p data-dl-uid=\"117\" data-dl-original=\"true\" data-dl-translated=\"false\">Verweigerte oder nicht erhaltene Pakete aufgrund falscher Adressen, Verweigerung der Zahlung von Einfuhrz\u00f6llen oder unzustellbarer Adressen werden erstattet, sobald sie an unser Lager zur\u00fcckgeschickt wurden. Die R\u00fcckerstattung erfolgt abz\u00fcglich der Kosten f\u00fcr den Versand in das und aus dem Bestimmungsland sowie der anfallenden Z\u00f6lle und Steuern.<\/p><h4 data-dl-uid=\"118\" data-dl-original=\"true\" data-dl-translated=\"false\">LIEFERBESCHR\u00c4NKUNGEN<\/h4><p data-dl-uid=\"119\" data-dl-original=\"true\" data-dl-translated=\"false\">Wir bieten kostenlosen Versand f\u00fcr Bestellungen \u00fcber $39. Wir versenden jedoch nicht an APO\/FPO oder PO BOX Adressen. Eine g\u00fcltige physische Adresse ist erforderlich, um Ihre Bestellung zu bearbeiten.<\/p><h4 data-dl-uid=\"120\" data-dl-original=\"true\" data-dl-translated=\"false\">VERSAND- UND LIEFERPROBLEME<\/h4><p data-dl-uid=\"121\" data-dl-original=\"true\" data-dl-translated=\"false\">Wenn Ihre Sendung verloren geht oder besch\u00e4digt wird, benachrichtigen Sie POPwrist bitte innerhalb von 10 Werktagen, damit wir eine Nachforschung beim Spediteur einleiten k\u00f6nnen. Sobald der Spediteur seine Untersuchung abgeschlossen hat, werden wir je nach Situation einen Ersatz oder eine R\u00fcckerstattung ausstellen. Wenn der Artikel nicht mehr verf\u00fcgbar ist, wird eine R\u00fcckerstattung vorgenommen. Bei fehlerhaften Artikeln wenden Sie sich bitte innerhalb von 5 Tagen nach der Lieferung an uns, um das Problem zu beheben.<\/p>\t\t\t\t\t\t\t\t<\/div>\n\t\t\t\t<\/div>\n\t\t\t\t\t<\/div>\n\t\t\t\t<\/div>\n\t\t\t\t<\/div>","protected":false},"excerpt":{"rendered":"<p>SHIPPING POLICY ORDER PROCESSING TIME All orders placed on our website are processed and shipped within 72 hours (excluding weekends [&hellip;]<\/p>","protected":false},"author":1,"featured_media":0,"parent":0,"menu_order":0,"comment_status":"closed","ping_status":"closed","template":"","meta":{"site-sidebar-layout":"no-sidebar","site-content-layout":"","ast-site-content-layout":"full-width-container","site-content-style":"default","site-sidebar-style":"default","ast-global-header-display":"","ast-banner-title-visibility":"","ast-main-header-display":"","ast-hfb-above-header-display":"","ast-hfb-below-header-display":"","ast-hfb-mobile-header-display":"","site-post-title":"disabled","ast-breadcrumbs-content":"","ast-featured-img":"disabled","footer-sml-layout":"","ast-disable-related-posts":"","theme-transparent-header-meta":"","adv-header-id-meta":"","stick-header-meta":"","header-above-stick-meta":"","header-main-stick-meta":"","header-below-stick-meta":"","astra-migrate-meta-layouts":"default","ast-page-background-enabled":"default","ast-page-background-meta":{"desktop":{"background-color":"var(--ast-global-color-5)","background-image":"","background-repeat":"repeat","background-position":"center center","background-size":"auto","background-attachment":"scroll","background-type":"","background-media":"","overlay-type":"","overlay-color":"","overlay-opacity":"","overlay-gradient":""},"tablet":{"background-color":"","background-image":"","background-repeat":"repeat","background-position":"center center","background-size":"auto","background-attachment":"scroll","background-type":"","background-media":"","overlay-type":"","overlay-color":"","overlay-opacity":"","overlay-gradient":""},"mobile":{"background-color":"","background-image":"","background-repeat":"repeat","background-position":"center center","background-size":"auto","background-attachment":"scroll","background-type":"","background-media":"","overlay-type":"","overlay-color":"","overlay-opacity":"","overlay-gradient":""}},"ast-content-background-meta":{"desktop":{"background-color":"var(--ast-global-color-4)","background-image":"","background-repeat":"repeat","background-position":"center center","background-size":"auto","background-attachment":"scroll","background-type":"","background-media":"","overlay-type":"","overlay-color":"","overlay-opacity":"","overlay-gradient":""},"tablet":{"background-color":"var(--ast-global-color-4)","background-image":"","background-repeat":"repeat","background-position":"center center","background-size":"auto","background-attachment":"scroll","background-type":"","background-media":"","overlay-type":"","overlay-color":"","overlay-opacity":"","overlay-gradient":""},"mobile":{"background-color":"var(--ast-global-color-4)","background-image":"","background-repeat":"repeat","background-position":"center center","background-size":"auto","background-attachment":"scroll","background-type":"","background-media":"","overlay-type":"","overlay-color":"","overlay-opacity":"","overlay-gradient":""}},"footnotes":""},"class_list":["post-55","page","type-page","status-publish","hentry"],"_links":{"self":[{"href":"https:\/\/popwrist.com\/de\/wp-json\/wp\/v2\/pages\/55","targetHints":{"allow":["GET"]}}],"collection":[{"href":"https:\/\/popwrist.com\/de\/wp-json\/wp\/v2\/pages"}],"about":[{"href":"https:\/\/popwrist.com\/de\/wp-json\/wp\/v2\/types\/page"}],"author":[{"embeddable":true,"href":"https:\/\/popwrist.com\/de\/wp-json\/wp\/v2\/users\/1"}],"replies":[{"embeddable":true,"href":"https:\/\/popwrist.com\/de\/wp-json\/wp\/v2\/comments?post=55"}],"version-history":[{"count":16,"href":"https:\/\/popwrist.com\/de\/wp-json\/wp\/v2\/pages\/55\/revisions"}],"predecessor-version":[{"id":7290,"href":"https:\/\/popwrist.com\/de\/wp-json\/wp\/v2\/pages\/55\/revisions\/7290"}],"wp:attachment":[{"href":"https:\/\/popwrist.com\/de\/wp-json\/wp\/v2\/media?parent=55"}],"curies":[{"name":"wp","href":"https:\/\/api.w.org\/{rel}","templated":true}]}}